{"id":999,"date":"2022-11-16T19:02:44","date_gmt":"2022-11-16T22:02:44","guid":{"rendered":"https:\/\/comunidadebompastortaubate.org\/?page_id=999"},"modified":"2022-11-16T21:20:17","modified_gmt":"2022-11-17T00:20:17","slug":"cidadania","status":"publish","type":"page","link":"https:\/\/comunidadebompastortaubate.org\/?page_id=999","title":{"rendered":"Cidadania"},"content":{"rendered":"\t\t<div data-elementor-type=\"wp-page\" data-elementor-id=\"999\" class=\"elementor elementor-999\">\n\t\t\t\t\t\t\t\t\t<section class=\"elementor-section elementor-top-section elementor-element elementor-element-e5d2c4c elementor-section-boxed elementor-section-height-default elementor-section-height-default\" data-id=\"e5d2c4c\" data-element_type=\"section\">\n\t\t\t\t\t\t<div class=\"elementor-container elementor-column-gap-default\">\n\t\t\t\t\t<div class=\"elementor-column elementor-col-100 elementor-top-column elementor-element elementor-element-a036869\" data-id=\"a036869\" data-element_type=\"column\">\n\t\t\t<div class=\"elementor-widget-wrap elementor-element-populated\">\n\t\t\t\t\t\t\t\t<div class=\"elementor-element elementor-element-650f520 elementor-widget elementor-widget-heading\" data-id=\"650f520\" data-element_type=\"widget\" data-widget_type=\"heading.default\">\n\t\t\t\t<div class=\"elementor-widget-container\">\n\t\t\t<style>\/*! elementor - v3.8.1 - 13-11-2022 *\/\n.elementor-heading-title{padding:0;margin:0;line-height:1}.elementor-widget-heading .elementor-heading-title[class*=elementor-size-]>a{color:inherit;font-size:inherit;line-height:inherit}.elementor-widget-heading .elementor-heading-title.elementor-size-small{font-size:15px}.elementor-widget-heading .elementor-heading-title.elementor-size-medium{font-size:19px}.elementor-widget-heading .elementor-heading-title.elementor-size-large{font-size:29px}.elementor-widget-heading .elementor-heading-title.elementor-size-xl{font-size:39px}.elementor-widget-heading .elementor-heading-title.elementor-size-xxl{font-size:59px}<\/style><h2 class=\"elementor-heading-title elementor-size-default\">Cidadania<\/h2>\t\t<\/div>\n\t\t\t\t<\/div>\n\t\t\t\t\t<\/div>\n\t\t<\/div>\n\t\t\t\t\t\t\t<\/div>\n\t\t<\/section>\n\t\t\t\t<section class=\"elementor-section elementor-top-section elementor-element elementor-element-f6d61d5 elementor-section-boxed elementor-section-height-default elementor-section-height-default\" data-id=\"f6d61d5\" data-element_type=\"section\">\n\t\t\t\t\t\t<div class=\"elementor-container elementor-column-gap-default\">\n\t\t\t\t\t<div class=\"elementor-column elementor-col-50 elementor-top-column elementor-element elementor-element-f08e5cc\" data-id=\"f08e5cc\" data-element_type=\"column\">\n\t\t\t<div class=\"elementor-widget-wrap elementor-element-populated\">\n\t\t\t\t\t\t\t\t<div class=\"elementor-element elementor-element-c3c23ef elementor-widget elementor-widget-text-editor\" data-id=\"c3c23ef\" data-element_type=\"widget\" data-widget_type=\"text-editor.default\">\n\t\t\t\t<div class=\"elementor-widget-container\">\n\t\t\t<style>\/*! elementor - v3.8.1 - 13-11-2022 *\/\n.elementor-widget-text-editor.elementor-drop-cap-view-stacked .elementor-drop-cap{background-color:#818a91;color:#fff}.elementor-widget-text-editor.elementor-drop-cap-view-framed .elementor-drop-cap{color:#818a91;border:3px solid;background-color:transparent}.elementor-widget-text-editor:not(.elementor-drop-cap-view-default) .elementor-drop-cap{margin-top:8px}.elementor-widget-text-editor:not(.elementor-drop-cap-view-default) .elementor-drop-cap-letter{width:1em;height:1em}.elementor-widget-text-editor .elementor-drop-cap{float:left;text-align:center;line-height:1;font-size:50px}.elementor-widget-text-editor .elementor-drop-cap-letter{display:inline-block}<\/style>\t\t\t\t<p>Falar de Projetos Sociais hoje em dia \u00e9 a mesma coisa que falar sobre mudan\u00e7a, renova\u00e7\u00e3o e transforma\u00e7\u00e3o de hist\u00f3rias e contextos de vida. Um dos principais valores a serem resgatados e (re)constru\u00eddos em nossa sociedade \u00e9 exatamente a \u2013 Cidadania. O que \u00e9 ser um\/a cidad\u00e3o\/\u00e3 de bem? Como fazer para s\u00ea-lo? Qual o melhor caminho a percorrer? Sendo assim, acreditamos que um dos trajetos mais eficientes e eficazes para alcan\u00e7ar esta meta seria a participa\u00e7\u00e3o de todos(as) em projetos sociais. Mas afinal, o que seria um Projeto Social?<\/p><p>Um Projeto Social sempre nasce para solucionar algum tipo de problema que est\u00e1 instalado em algum setor de nossa sociedade (educa\u00e7\u00e3o, sa\u00fade, seguran\u00e7a p\u00fablica, esporte, lazer, emprego etc.) e tamb\u00e9m surge para responder a uma necessidade\/demanda de um p\u00fablico-alvo que se encontra em condi\u00e7\u00f5es de vulnerabilidade social, econ\u00f4mica e\/ou cultural etc.<\/p><p>Normalmente, os projetos sociais em seus variados tipos e formas de aplicabilidades (dan\u00e7a, luta, esporte, inform\u00e1tica, cursos profissionalizantes, palestras motivacionais etc.) surgem com o objetivo de transformar a vida das pessoas, principalmente as das mais carentes e humildes de recursos. Neste sentido, abre-se sempre uma \u00f3tima oportunidade para a poss\u00edvel constru\u00e7\u00e3o de la\u00e7os sociais e o fortalecimento de v\u00ednculos afetivo-emocionais.<\/p><p>Sabemos que a grande maioria dos projetos sociais tem suas bases calcadas no plano das idealiza\u00e7\u00f5es e, em alguns casos no mundo das nuvens e das fantasias, mas \u00e9 preciso muita for\u00e7a, coragem, \u00e9tica, profissionalismo e determina\u00e7\u00e3o para faz\u00ea-los existirem no mundo terrestre e real. Em outras palavras, eles devem sempre estar &#8216;conectados&#8217; \u00e0 realidade social e material de todos(as) aqueles(as) que dele participam.<\/p>\t\t\t\t\t\t<\/div>\n\t\t\t\t<\/div>\n\t\t\t\t\t<\/div>\n\t\t<\/div>\n\t\t\t\t<div class=\"elementor-column elementor-col-50 elementor-top-column elementor-element elementor-element-6de473d\" data-id=\"6de473d\" data-element_type=\"column\">\n\t\t\t<div class=\"elementor-widget-wrap elementor-element-populated\">\n\t\t\t\t\t\t\t\t<div class=\"elementor-element elementor-element-64109a6 elementor-widget elementor-widget-image\" data-id=\"64109a6\" data-element_type=\"widget\" data-widget_type=\"image.default\">\n\t\t\t\t<div class=\"elementor-widget-container\">\n\t\t\t<style>\/*! elementor - v3.8.1 - 13-11-2022 *\/\n.elementor-widget-image{text-align:center}.elementor-widget-image a{display:inline-block}.elementor-widget-image a img[src$=\".svg\"]{width:48px}.elementor-widget-image img{vertical-align:middle;display:inline-block}<\/style>\t\t\t\t\t\t\t\t\t<figure class=\"wp-caption\">\n\t\t\t\t\t\t\t\t\t\t<img width=\"576\" height=\"1024\" src=\"https:\/\/comunidadebompastortaubate.org\/wp-content\/uploads\/2022\/11\/WhatsApp-Image-2022-11-16-at-16.03.59-576x1024.jpeg\" class=\"attachment-large size-large\" alt=\"\" loading=\"lazy\" srcset=\"https:\/\/comunidadebompastortaubate.org\/wp-content\/uploads\/2022\/11\/WhatsApp-Image-2022-11-16-at-16.03.59-576x1024.jpeg 576w, https:\/\/comunidadebompastortaubate.org\/wp-content\/uploads\/2022\/11\/WhatsApp-Image-2022-11-16-at-16.03.59-169x300.jpeg 169w, https:\/\/comunidadebompastortaubate.org\/wp-content\/uploads\/2022\/11\/WhatsApp-Image-2022-11-16-at-16.03.59.jpeg 720w\" sizes=\"(max-width: 576px) 100vw, 576px\" \/>\t\t\t\t\t\t\t\t\t\t\t<figcaption class=\"widget-image-caption wp-caption-text\">Alunos em um projeto de artes com a psicologa e monitora Flaviana<\/figcaption>\n\t\t\t\t\t\t\t\t\t\t<\/figure>\n\t\t\t\t\t\t\t\t\t<\/div>\n\t\t\t\t<\/div>\n\t\t\t\t\t<\/div>\n\t\t<\/div>\n\t\t\t\t\t\t\t<\/div>\n\t\t<\/section>\n\t\t\t\t<section class=\"elementor-section elementor-top-section elementor-element elementor-element-22e1c38 elementor-section-boxed elementor-section-height-default elementor-section-height-default\" data-id=\"22e1c38\" data-element_type=\"section\">\n\t\t\t\t\t\t<div class=\"elementor-container elementor-column-gap-default\">\n\t\t\t\t\t<div class=\"elementor-column elementor-col-100 elementor-top-column elementor-element elementor-element-186041c\" data-id=\"186041c\" data-element_type=\"column\">\n\t\t\t<div class=\"elementor-widget-wrap elementor-element-populated\">\n\t\t\t\t\t\t\t\t<div class=\"elementor-element elementor-element-3f56122 elementor-widget-divider--view-line_icon elementor-view-default elementor-widget-divider--element-align-center elementor-widget elementor-widget-divider\" data-id=\"3f56122\" data-element_type=\"widget\" data-widget_type=\"divider.default\">\n\t\t\t\t<div class=\"elementor-widget-container\">\n\t\t\t<style>\/*! elementor - v3.8.1 - 13-11-2022 *\/\n.elementor-widget-divider{--divider-border-style:none;--divider-border-width:1px;--divider-color:#2c2c2c;--divider-icon-size:20px;--divider-element-spacing:10px;--divider-pattern-height:24px;--divider-pattern-size:20px;--divider-pattern-url:none;--divider-pattern-repeat:repeat-x}.elementor-widget-divider .elementor-divider{display:-webkit-box;display:-ms-flexbox;display:flex}.elementor-widget-divider .elementor-divider__text{font-size:15px;line-height:1;max-width:95%}.elementor-widget-divider .elementor-divider__element{margin:0 var(--divider-element-spacing);-ms-flex-negative:0;flex-shrink:0}.elementor-widget-divider .elementor-icon{font-size:var(--divider-icon-size)}.elementor-widget-divider .elementor-divider-separator{display:-webkit-box;display:-ms-flexbox;display:flex;margin:0;direction:ltr}.elementor-widget-divider--view-line_icon .elementor-divider-separator,.elementor-widget-divider--view-line_text .elementor-divider-separator{-webkit-box-align:center;-ms-flex-align:center;align-items:center}.elementor-widget-divider--view-line_icon .elementor-divider-separator:after,.elementor-widget-divider--view-line_icon .elementor-divider-separator:before,.elementor-widget-divider--view-line_text .elementor-divider-separator:after,.elementor-widget-divider--view-line_text .elementor-divider-separator:before{display:block;content:\"\";border-bottom:0;-webkit-box-flex:1;-ms-flex-positive:1;flex-grow:1;border-top:var(--divider-border-width) var(--divider-border-style) var(--divider-color)}.elementor-widget-divider--element-align-left .elementor-divider .elementor-divider-separator>.elementor-divider__svg:first-of-type{-webkit-box-flex:0;-ms-flex-positive:0;flex-grow:0;-ms-flex-negative:100;flex-shrink:100}.elementor-widget-divider--element-align-left .elementor-divider-separator:before{content:none}.elementor-widget-divider--element-align-left .elementor-divider__element{margin-left:0}.elementor-widget-divider--element-align-right .elementor-divider .elementor-divider-separator>.elementor-divider__svg:last-of-type{-webkit-box-flex:0;-ms-flex-positive:0;flex-grow:0;-ms-flex-negative:100;flex-shrink:100}.elementor-widget-divider--element-align-right .elementor-divider-separator:after{content:none}.elementor-widget-divider--element-align-right .elementor-divider__element{margin-right:0}.elementor-widget-divider:not(.elementor-widget-divider--view-line_text):not(.elementor-widget-divider--view-line_icon) .elementor-divider-separator{border-top:var(--divider-border-width) var(--divider-border-style) var(--divider-color)}.elementor-widget-divider--separator-type-pattern{--divider-border-style:none}.elementor-widget-divider--separator-type-pattern.elementor-widget-divider--view-line .elementor-divider-separator,.elementor-widget-divider--separator-type-pattern:not(.elementor-widget-divider--view-line) .elementor-divider-separator:after,.elementor-widget-divider--separator-type-pattern:not(.elementor-widget-divider--view-line) .elementor-divider-separator:before,.elementor-widget-divider--separator-type-pattern:not([class*=elementor-widget-divider--view]) .elementor-divider-separator{width:100%;min-height:var(--divider-pattern-height);-webkit-mask-size:var(--divider-pattern-size) 100%;mask-size:var(--divider-pattern-size) 100%;-webkit-mask-repeat:var(--divider-pattern-repeat);mask-repeat:var(--divider-pattern-repeat);background-color:var(--divider-color);-webkit-mask-image:var(--divider-pattern-url);mask-image:var(--divider-pattern-url)}.elementor-widget-divider--no-spacing{--divider-pattern-size:auto}.elementor-widget-divider--bg-round{--divider-pattern-repeat:round}.rtl .elementor-widget-divider .elementor-divider__text{direction:rtl}.e-con-inner>.elementor-widget-divider,.e-con>.elementor-widget-divider{width:var(--container-widget-width,100%)}<\/style>\t\t<div class=\"elementor-divider\">\n\t\t\t<span class=\"elementor-divider-separator\">\n\t\t\t\t\t\t\t<div class=\"elementor-icon elementor-divider__element\">\n\t\t\t\t\t<i aria-hidden=\"true\" class=\"fas fa-church\"><\/i><\/div>\n\t\t\t\t\t\t<\/span>\n\t\t<\/div>\n\t\t\t\t<\/div>\n\t\t\t\t<\/div>\n\t\t\t\t\t<\/div>\n\t\t<\/div>\n\t\t\t\t\t\t\t<\/div>\n\t\t<\/section>\n\t\t\t\t<section class=\"elementor-section elementor-top-section elementor-element elementor-element-34e55c2 elementor-section-boxed elementor-section-height-default elementor-section-height-default\" data-id=\"34e55c2\" data-element_type=\"section\">\n\t\t\t\t\t\t<div class=\"elementor-container elementor-column-gap-default\">\n\t\t\t\t\t<div class=\"elementor-column elementor-col-100 elementor-top-column elementor-element elementor-element-168f020\" data-id=\"168f020\" data-element_type=\"column\">\n\t\t\t<div class=\"elementor-widget-wrap elementor-element-populated\">\n\t\t\t\t\t\t\t\t<div class=\"elementor-element elementor-element-715f370 gallery-spacing-custom elementor-widget elementor-widget-image-gallery\" data-id=\"715f370\" data-element_type=\"widget\" data-widget_type=\"image-gallery.default\">\n\t\t\t\t<div class=\"elementor-widget-container\">\n\t\t\t<style>\/*! elementor - v3.8.1 - 13-11-2022 *\/\n.elementor-image-gallery .gallery-item{display:inline-block;text-align:center;vertical-align:top;width:100%;max-width:100%;margin:0 auto}.elementor-image-gallery .gallery-item img{margin:0 auto}.elementor-image-gallery .gallery-item .gallery-caption{margin:0}.elementor-image-gallery figure img{display:block}.elementor-image-gallery figure figcaption{width:100%}.gallery-spacing-custom .elementor-image-gallery .gallery-icon{padding:0}@media (min-width:768px){.elementor-image-gallery .gallery-columns-2 .gallery-item{max-width:50%}.elementor-image-gallery .gallery-columns-3 .gallery-item{max-width:33.33%}.elementor-image-gallery .gallery-columns-4 .gallery-item{max-width:25%}.elementor-image-gallery .gallery-columns-5 .gallery-item{max-width:20%}.elementor-image-gallery .gallery-columns-6 .gallery-item{max-width:16.666%}.elementor-image-gallery .gallery-columns-7 .gallery-item{max-width:14.28%}.elementor-image-gallery .gallery-columns-8 .gallery-item{max-width:12.5%}.elementor-image-gallery .gallery-columns-9 .gallery-item{max-width:11.11%}.elementor-image-gallery .gallery-columns-10 .gallery-item{max-width:10%}}@media (min-width:480px) and (max-width:767px){.elementor-image-gallery .gallery.gallery-columns-2 .gallery-item,.elementor-image-gallery .gallery.gallery-columns-3 .gallery-item,.elementor-image-gallery .gallery.gallery-columns-4 .gallery-item,.elementor-image-gallery .gallery.gallery-columns-5 .gallery-item,.elementor-image-gallery .gallery.gallery-columns-6 .gallery-item,.elementor-image-gallery .gallery.gallery-columns-7 .gallery-item,.elementor-image-gallery .gallery.gallery-columns-8 .gallery-item,.elementor-image-gallery .gallery.gallery-columns-9 .gallery-item,.elementor-image-gallery .gallery.gallery-columns-10 .gallery-item{max-width:50%}}@media (max-width:479px){.elementor-image-gallery .gallery.gallery-columns-2 .gallery-item,.elementor-image-gallery .gallery.gallery-columns-3 .gallery-item,.elementor-image-gallery .gallery.gallery-columns-4 .gallery-item,.elementor-image-gallery .gallery.gallery-columns-5 .gallery-item,.elementor-image-gallery .gallery.gallery-columns-6 .gallery-item,.elementor-image-gallery .gallery.gallery-columns-7 .gallery-item,.elementor-image-gallery .gallery.gallery-columns-8 .gallery-item,.elementor-image-gallery .gallery.gallery-columns-9 .gallery-item,.elementor-image-gallery .gallery.gallery-columns-10 .gallery-item{max-width:100%}}<\/style>\t\t<div class=\"elementor-image-gallery\">\n\t\t\t<div id='gallery-1' class='gallery galleryid-999 gallery-columns-2 gallery-size-medium_large'><figure class='gallery-item'>\n\t\t\t<div class='gallery-icon portrait'>\n\t\t\t\t<a data-elementor-open-lightbox=\"yes\" data-elementor-lightbox-slideshow=\"715f370\" data-elementor-lightbox-title=\"WhatsApp Image 2022-11-16 at 16.04.02\" e-action-hash=\"#elementor-action%3Aaction%3Dlightbox%26settings%3DeyJpZCI6MTAwMywidXJsIjoiaHR0cHM6XC9cL2NvbXVuaWRhZGVib21wYXN0b3J0YXViYXRlLm9yZ1wvd3AtY29udGVudFwvdXBsb2Fkc1wvMjAyMlwvMTFcL1doYXRzQXBwLUltYWdlLTIwMjItMTEtMTYtYXQtMTYuMDQuMDIuanBlZyIsInNsaWRlc2hvdyI6IjcxNWYzNzAifQ%3D%3D\" href='https:\/\/comunidadebompastortaubate.org\/wp-content\/uploads\/2022\/11\/WhatsApp-Image-2022-11-16-at-16.04.02.jpeg'><img width=\"768\" height=\"1137\" src=\"https:\/\/comunidadebompastortaubate.org\/wp-content\/uploads\/2022\/11\/WhatsApp-Image-2022-11-16-at-16.04.02-768x1137.jpeg\" class=\"attachment-medium_large size-medium_large\" alt=\"\" loading=\"lazy\" srcset=\"https:\/\/comunidadebompastortaubate.org\/wp-content\/uploads\/2022\/11\/WhatsApp-Image-2022-11-16-at-16.04.02-768x1137.jpeg 768w, https:\/\/comunidadebompastortaubate.org\/wp-content\/uploads\/2022\/11\/WhatsApp-Image-2022-11-16-at-16.04.02-203x300.jpeg 203w, https:\/\/comunidadebompastortaubate.org\/wp-content\/uploads\/2022\/11\/WhatsApp-Image-2022-11-16-at-16.04.02-691x1024.jpeg 691w, https:\/\/comunidadebompastortaubate.org\/wp-content\/uploads\/2022\/11\/WhatsApp-Image-2022-11-16-at-16.04.02.jpeg 900w\" sizes=\"(max-width: 768px) 100vw, 768px\" \/><\/a>\n\t\t\t<\/div><\/figure><figure class='gallery-item'>\n\t\t\t<div class='gallery-icon portrait'>\n\t\t\t\t<a data-elementor-open-lightbox=\"yes\" data-elementor-lightbox-slideshow=\"715f370\" data-elementor-lightbox-title=\"WhatsApp Image 2022-11-16 at 16.04.01\" e-action-hash=\"#elementor-action%3Aaction%3Dlightbox%26settings%3DeyJpZCI6MTAwNCwidXJsIjoiaHR0cHM6XC9cL2NvbXVuaWRhZGVib21wYXN0b3J0YXViYXRlLm9yZ1wvd3AtY29udGVudFwvdXBsb2Fkc1wvMjAyMlwvMTFcL1doYXRzQXBwLUltYWdlLTIwMjItMTEtMTYtYXQtMTYuMDQuMDEuanBlZyIsInNsaWRlc2hvdyI6IjcxNWYzNzAifQ%3D%3D\" href='https:\/\/comunidadebompastortaubate.org\/wp-content\/uploads\/2022\/11\/WhatsApp-Image-2022-11-16-at-16.04.01.jpeg'><img width=\"768\" height=\"1365\" src=\"https:\/\/comunidadebompastortaubate.org\/wp-content\/uploads\/2022\/11\/WhatsApp-Image-2022-11-16-at-16.04.01-768x1365.jpeg\" class=\"attachment-medium_large size-medium_large\" alt=\"\" loading=\"lazy\" srcset=\"https:\/\/comunidadebompastortaubate.org\/wp-content\/uploads\/2022\/11\/WhatsApp-Image-2022-11-16-at-16.04.01-768x1365.jpeg 768w, https:\/\/comunidadebompastortaubate.org\/wp-content\/uploads\/2022\/11\/WhatsApp-Image-2022-11-16-at-16.04.01-169x300.jpeg 169w, https:\/\/comunidadebompastortaubate.org\/wp-content\/uploads\/2022\/11\/WhatsApp-Image-2022-11-16-at-16.04.01-576x1024.jpeg 576w, https:\/\/comunidadebompastortaubate.org\/wp-content\/uploads\/2022\/11\/WhatsApp-Image-2022-11-16-at-16.04.01-864x1536.jpeg 864w, https:\/\/comunidadebompastortaubate.org\/wp-content\/uploads\/2022\/11\/WhatsApp-Image-2022-11-16-at-16.04.01.jpeg 900w\" sizes=\"(max-width: 768px) 100vw, 768px\" \/><\/a>\n\t\t\t<\/div><\/figure><figure class='gallery-item'>\n\t\t\t<div class='gallery-icon landscape'>\n\t\t\t\t<a data-elementor-open-lightbox=\"yes\" data-elementor-lightbox-slideshow=\"715f370\" data-elementor-lightbox-title=\"WhatsApp Image 2022-11-16 at 16.04.00\" e-action-hash=\"#elementor-action%3Aaction%3Dlightbox%26settings%3DeyJpZCI6MTAwNSwidXJsIjoiaHR0cHM6XC9cL2NvbXVuaWRhZGVib21wYXN0b3J0YXViYXRlLm9yZ1wvd3AtY29udGVudFwvdXBsb2Fkc1wvMjAyMlwvMTFcL1doYXRzQXBwLUltYWdlLTIwMjItMTEtMTYtYXQtMTYuMDQuMDAuanBlZyIsInNsaWRlc2hvdyI6IjcxNWYzNzAifQ%3D%3D\" href='https:\/\/comunidadebompastortaubate.org\/wp-content\/uploads\/2022\/11\/WhatsApp-Image-2022-11-16-at-16.04.00.jpeg'><img width=\"768\" height=\"576\" src=\"https:\/\/comunidadebompastortaubate.org\/wp-content\/uploads\/2022\/11\/WhatsApp-Image-2022-11-16-at-16.04.00-768x576.jpeg\" class=\"attachment-medium_large size-medium_large\" alt=\"\" loading=\"lazy\" srcset=\"https:\/\/comunidadebompastortaubate.org\/wp-content\/uploads\/2022\/11\/WhatsApp-Image-2022-11-16-at-16.04.00-768x576.jpeg 768w, https:\/\/comunidadebompastortaubate.org\/wp-content\/uploads\/2022\/11\/WhatsApp-Image-2022-11-16-at-16.04.00-300x225.jpeg 300w, https:\/\/comunidadebompastortaubate.org\/wp-content\/uploads\/2022\/11\/WhatsApp-Image-2022-11-16-at-16.04.00-1024x768.jpeg 1024w, https:\/\/comunidadebompastortaubate.org\/wp-content\/uploads\/2022\/11\/WhatsApp-Image-2022-11-16-at-16.04.00.jpeg 1280w\" sizes=\"(max-width: 768px) 100vw, 768px\" \/><\/a>\n\t\t\t<\/div><\/figure><figure class='gallery-item'>\n\t\t\t<div class='gallery-icon landscape'>\n\t\t\t\t<a data-elementor-open-lightbox=\"yes\" data-elementor-lightbox-slideshow=\"715f370\" data-elementor-lightbox-title=\"WhatsApp Image 2022-11-16 at 16.03.58\" e-action-hash=\"#elementor-action%3Aaction%3Dlightbox%26settings%3DeyJpZCI6MTAwNiwidXJsIjoiaHR0cHM6XC9cL2NvbXVuaWRhZGVib21wYXN0b3J0YXViYXRlLm9yZ1wvd3AtY29udGVudFwvdXBsb2Fkc1wvMjAyMlwvMTFcL1doYXRzQXBwLUltYWdlLTIwMjItMTEtMTYtYXQtMTYuMDMuNTguanBlZyIsInNsaWRlc2hvdyI6IjcxNWYzNzAifQ%3D%3D\" href='https:\/\/comunidadebompastortaubate.org\/wp-content\/uploads\/2022\/11\/WhatsApp-Image-2022-11-16-at-16.03.58.jpeg'><img width=\"768\" height=\"576\" src=\"https:\/\/comunidadebompastortaubate.org\/wp-content\/uploads\/2022\/11\/WhatsApp-Image-2022-11-16-at-16.03.58-768x576.jpeg\" class=\"attachment-medium_large size-medium_large\" alt=\"\" loading=\"lazy\" srcset=\"https:\/\/comunidadebompastortaubate.org\/wp-content\/uploads\/2022\/11\/WhatsApp-Image-2022-11-16-at-16.03.58-768x576.jpeg 768w, https:\/\/comunidadebompastortaubate.org\/wp-content\/uploads\/2022\/11\/WhatsApp-Image-2022-11-16-at-16.03.58-300x225.jpeg 300w, https:\/\/comunidadebompastortaubate.org\/wp-content\/uploads\/2022\/11\/WhatsApp-Image-2022-11-16-at-16.03.58-1024x768.jpeg 1024w, https:\/\/comunidadebompastortaubate.org\/wp-content\/uploads\/2022\/11\/WhatsApp-Image-2022-11-16-at-16.03.58-1536x1152.jpeg 1536w, https:\/\/comunidadebompastortaubate.org\/wp-content\/uploads\/2022\/11\/WhatsApp-Image-2022-11-16-at-16.03.58.jpeg 1600w\" sizes=\"(max-width: 768px) 100vw, 768px\" \/><\/a>\n\t\t\t<\/div><\/figure>\n\t\t<\/div>\n\t\t<\/div>\n\t\t\t\t<\/div>\n\t\t\t\t<\/div>\n\t\t\t\t\t<\/div>\n\t\t<\/div>\n\t\t\t\t\t\t\t<\/div>\n\t\t<\/section>\n\t\t\t\t\t\t\t<\/div>\n\t\t","protected":false},"excerpt":{"rendered":"<p>Cidadania Falar de Projetos Sociais hoje em dia \u00e9 a mesma coisa que falar sobre mudan\u00e7a, renova\u00e7\u00e3o e transforma\u00e7\u00e3o de hist\u00f3rias e contextos de vida. Um dos principais valores a serem resgatados e (re)constru\u00eddos em nossa sociedade \u00e9 exatamente a \u2013 Cidadania. O que \u00e9 ser um\/a cidad\u00e3o\/\u00e3 de bem? Como fazer para s\u00ea-lo? Qual &hellip;<\/p>\n<p class=\"read-more\"> <a class=\"\" href=\"https:\/\/comunidadebompastortaubate.org\/?page_id=999\"> <span class=\"screen-reader-text\">Cidadania<\/span> Leia mais &raquo;<\/a><\/p>\n","protected":false},"author":1,"featured_media":0,"parent":0,"menu_order":0,"comment_status":"closed","ping_status":"closed","template":"","meta":{"om_disable_all_campaigns":false,"_mi_skip_tracking":false,"site-sidebar-layout":"no-sidebar","site-content-layout":"page-builder","ast-global-header-display":"","ast-main-header-display":"","ast-hfb-above-header-display":"","ast-hfb-below-header-display":"","ast-hfb-mobile-header-display":"","site-post-title":"disabled","ast-breadcrumbs-content":"","ast-featured-img":"disabled","footer-sml-layout":"","theme-transparent-header-meta":"","adv-header-id-meta":"","stick-header-meta":"","header-above-stick-meta":"","header-main-stick-meta":"","header-below-stick-meta":""},"aioseo_notices":[],"_links":{"self":[{"href":"https:\/\/comunidadebompastortaubate.org\/index.php?rest_route=\/wp\/v2\/pages\/999"}],"collection":[{"href":"https:\/\/comunidadebompastortaubate.org\/index.php?rest_route=\/wp\/v2\/pages"}],"about":[{"href":"https:\/\/comunidadebompastortaubate.org\/index.php?rest_route=\/wp\/v2\/types\/page"}],"author":[{"embeddable":true,"href":"https:\/\/comunidadebompastortaubate.org\/index.php?rest_route=\/wp\/v2\/users\/1"}],"replies":[{"embeddable":true,"href":"https:\/\/comunidadebompastortaubate.org\/index.php?rest_route=%2Fwp%2Fv2%2Fcomments&post=999"}],"version-history":[{"count":7,"href":"https:\/\/comunidadebompastortaubate.org\/index.php?rest_route=\/wp\/v2\/pages\/999\/revisions"}],"predecessor-version":[{"id":1013,"href":"https:\/\/comunidadebompastortaubate.org\/index.php?rest_route=\/wp\/v2\/pages\/999\/revisions\/1013"}],"wp:attachment":[{"href":"https:\/\/comunidadebompastortaubate.org\/index.php?rest_route=%2Fwp%2Fv2%2Fmedia&parent=999"}],"curies":[{"name":"wp","href":"https:\/\/api.w.org\/{rel}","templated":true}]}}