{"id":894,"date":"2022-09-16T19:24:55","date_gmt":"2022-09-16T22:24:55","guid":{"rendered":"https:\/\/comunidadebompastortaubate.org\/?page_id=894"},"modified":"2022-09-16T20:23:12","modified_gmt":"2022-09-16T23:23:12","slug":"farmacia-comunitaria","status":"publish","type":"page","link":"https:\/\/comunidadebompastortaubate.org\/?page_id=894","title":{"rendered":"Farm\u00e1cia Comunit\u00e1ria"},"content":{"rendered":"\t\t<div data-elementor-type=\"wp-page\" data-elementor-id=\"894\" class=\"elementor elementor-894\">\n\t\t\t\t\t\t\t\t\t<section class=\"elementor-section elementor-top-section elementor-element elementor-element-3c82502 elementor-section-boxed elementor-section-height-default elementor-section-height-default\" data-id=\"3c82502\" data-element_type=\"section\">\n\t\t\t\t\t\t<div class=\"elementor-container elementor-column-gap-default\">\n\t\t\t\t\t<div class=\"elementor-column elementor-col-100 elementor-top-column elementor-element elementor-element-59c5ba1\" data-id=\"59c5ba1\" data-element_type=\"column\">\n\t\t\t<div class=\"elementor-widget-wrap elementor-element-populated\">\n\t\t\t\t\t\t\t\t<div class=\"elementor-element elementor-element-c8b089d elementor-widget elementor-widget-heading\" data-id=\"c8b089d\" data-element_type=\"widget\" data-widget_type=\"heading.default\">\n\t\t\t\t<div class=\"elementor-widget-container\">\n\t\t\t<style>\/*! elementor - v3.8.1 - 13-11-2022 *\/\n.elementor-heading-title{padding:0;margin:0;line-height:1}.elementor-widget-heading .elementor-heading-title[class*=elementor-size-]>a{color:inherit;font-size:inherit;line-height:inherit}.elementor-widget-heading .elementor-heading-title.elementor-size-small{font-size:15px}.elementor-widget-heading .elementor-heading-title.elementor-size-medium{font-size:19px}.elementor-widget-heading .elementor-heading-title.elementor-size-large{font-size:29px}.elementor-widget-heading .elementor-heading-title.elementor-size-xl{font-size:39px}.elementor-widget-heading .elementor-heading-title.elementor-size-xxl{font-size:59px}<\/style><h2 class=\"elementor-heading-title elementor-size-default\">Farm\u00e1cia Comunit\u00e1ria Guiomar M. Dolcinotti<\/h2>\t\t<\/div>\n\t\t\t\t<\/div>\n\t\t\t\t\t<\/div>\n\t\t<\/div>\n\t\t\t\t\t\t\t<\/div>\n\t\t<\/section>\n\t\t\t\t<section class=\"elementor-section elementor-top-section elementor-element elementor-element-30b1867 elementor-section-boxed elementor-section-height-default elementor-section-height-default\" data-id=\"30b1867\" data-element_type=\"section\">\n\t\t\t\t\t\t<div class=\"elementor-container elementor-column-gap-default\">\n\t\t\t\t\t<div class=\"elementor-column elementor-col-50 elementor-top-column elementor-element elementor-element-699fb7a\" data-id=\"699fb7a\" data-element_type=\"column\">\n\t\t\t<div class=\"elementor-widget-wrap elementor-element-populated\">\n\t\t\t\t\t\t\t\t<div class=\"elementor-element elementor-element-d5644a2 elementor-widget elementor-widget-text-editor\" data-id=\"d5644a2\" data-element_type=\"widget\" data-widget_type=\"text-editor.default\">\n\t\t\t\t<div class=\"elementor-widget-container\">\n\t\t\t<style>\/*! elementor - v3.8.1 - 13-11-2022 *\/\n.elementor-widget-text-editor.elementor-drop-cap-view-stacked .elementor-drop-cap{background-color:#818a91;color:#fff}.elementor-widget-text-editor.elementor-drop-cap-view-framed .elementor-drop-cap{color:#818a91;border:3px solid;background-color:transparent}.elementor-widget-text-editor:not(.elementor-drop-cap-view-default) .elementor-drop-cap{margin-top:8px}.elementor-widget-text-editor:not(.elementor-drop-cap-view-default) .elementor-drop-cap-letter{width:1em;height:1em}.elementor-widget-text-editor .elementor-drop-cap{float:left;text-align:center;line-height:1;font-size:50px}.elementor-widget-text-editor .elementor-drop-cap-letter{display:inline-block}<\/style>\t\t\t\t<p>Farm\u00e1cia Comunit\u00e1ria Guiomar M. Dolcinotti, A Farm\u00e1cia Comunit\u00e1ria, \u00e9 um estabelecimento aberto ao p\u00fablico onde se efetua a ced\u00eancia de medicamentos e outros produtos de sa\u00fade e onde se prestam servi\u00e7os de sa\u00fade.<\/p><p>Na farm\u00e1cia comunit\u00e1ria a popula\u00e7\u00e3o tem acesso a medicamentos (medicamentos sujeitos a receita m\u00e9dica, medicamentos n\u00e3o sujeitos a receita m\u00e9dica e medicamentos manipulados), medicamentos e produtos homeop\u00e1ticos.<\/p><p>As farm\u00e1cias comunit\u00e1rias, embora sejam estabelecimentos privados, t\u00eam a sua atividade fortemente regulamentada atrav\u00e9s de legisla\u00e7\u00e3o espec\u00edfica, sendo o Infarmed (Autoridade Nacional do Medicamento e Produtos de Sa\u00fade) a entidade respons\u00e1vel pela supervis\u00e3o, de modo a garantir o livre acesso ao medicamento, em condi\u00e7\u00f5es de igualdade e seguran\u00e7a.<br \/><br \/>Guiomar M. Dolcinotti foi volunt\u00e1ria por muito tempo e homenagiada com o nome da nossa farm\u00e1cia.<\/p><p>\u00a0<\/p>\t\t\t\t\t\t<\/div>\n\t\t\t\t<\/div>\n\t\t\t\t\t<\/div>\n\t\t<\/div>\n\t\t\t\t<div class=\"elementor-column elementor-col-50 elementor-top-column elementor-element elementor-element-628d15c\" data-id=\"628d15c\" data-element_type=\"column\">\n\t\t\t<div class=\"elementor-widget-wrap elementor-element-populated\">\n\t\t\t\t\t\t\t\t<div class=\"elementor-element elementor-element-27b998e elementor-widget elementor-widget-image\" data-id=\"27b998e\" data-element_type=\"widget\" data-widget_type=\"image.default\">\n\t\t\t\t<div class=\"elementor-widget-container\">\n\t\t\t<style>\/*! elementor - v3.8.1 - 13-11-2022 *\/\n.elementor-widget-image{text-align:center}.elementor-widget-image a{display:inline-block}.elementor-widget-image a img[src$=\".svg\"]{width:48px}.elementor-widget-image img{vertical-align:middle;display:inline-block}<\/style>\t\t\t\t\t\t\t\t\t<figure class=\"wp-caption\">\n\t\t\t\t\t\t\t\t\t\t<img width=\"715\" height=\"953\" src=\"https:\/\/comunidadebompastortaubate.org\/wp-content\/uploads\/2022\/09\/tia1.jpg\" class=\"attachment-large size-large\" alt=\"\" loading=\"lazy\" srcset=\"https:\/\/comunidadebompastortaubate.org\/wp-content\/uploads\/2022\/09\/tia1.jpg 715w, https:\/\/comunidadebompastortaubate.org\/wp-content\/uploads\/2022\/09\/tia1-225x300.jpg 225w\" sizes=\"(max-width: 715px) 100vw, 715px\" \/>\t\t\t\t\t\t\t\t\t\t\t<figcaption class=\"widget-image-caption wp-caption-text\">Guiomar M. Dolcinotti foi volunt\u00e1ria por muito tempo e homenagiada com o nome da nossa farm\u00e1cia.<\/figcaption>\n\t\t\t\t\t\t\t\t\t\t<\/figure>\n\t\t\t\t\t\t\t\t\t<\/div>\n\t\t\t\t<\/div>\n\t\t\t\t\t<\/div>\n\t\t<\/div>\n\t\t\t\t\t\t\t<\/div>\n\t\t<\/section>\n\t\t\t\t<section class=\"elementor-section elementor-top-section elementor-element elementor-element-401adcf elementor-section-boxed elementor-section-height-default elementor-section-height-default\" data-id=\"401adcf\" data-element_type=\"section\">\n\t\t\t\t\t\t<div class=\"elementor-container elementor-column-gap-default\">\n\t\t\t\t\t<div class=\"elementor-column elementor-col-50 elementor-top-column elementor-element elementor-element-d47232c\" data-id=\"d47232c\" data-element_type=\"column\">\n\t\t\t<div class=\"elementor-widget-wrap elementor-element-populated\">\n\t\t\t\t\t\t\t\t<div class=\"elementor-element elementor-element-e3b947e elementor-widget elementor-widget-image\" data-id=\"e3b947e\" data-element_type=\"widget\" data-widget_type=\"image.default\">\n\t\t\t\t<div class=\"elementor-widget-container\">\n\t\t\t\t\t\t\t\t\t\t\t\t<figure class=\"wp-caption\">\n\t\t\t\t\t\t\t\t\t\t<img width=\"1024\" height=\"768\" src=\"https:\/\/comunidadebompastortaubate.org\/wp-content\/uploads\/2022\/09\/tia2-1024x768.jpg\" class=\"attachment-large size-large\" alt=\"\" loading=\"lazy\" srcset=\"https:\/\/comunidadebompastortaubate.org\/wp-content\/uploads\/2022\/09\/tia2-1024x768.jpg 1024w, https:\/\/comunidadebompastortaubate.org\/wp-content\/uploads\/2022\/09\/tia2-300x225.jpg 300w, https:\/\/comunidadebompastortaubate.org\/wp-content\/uploads\/2022\/09\/tia2-768x576.jpg 768w, https:\/\/comunidadebompastortaubate.org\/wp-content\/uploads\/2022\/09\/tia2.jpg 1280w\" sizes=\"(max-width: 1024px) 100vw, 1024px\" \/>\t\t\t\t\t\t\t\t\t\t\t<figcaption class=\"widget-image-caption wp-caption-text\">Inaugura\u00e7\u00e3o da Guiomar M. Dolcinotti foi volunt\u00e1ria por muito tempo e homenagiada com o nome da nossa farm\u00e1cia.<\/figcaption>\n\t\t\t\t\t\t\t\t\t\t<\/figure>\n\t\t\t\t\t\t\t\t\t<\/div>\n\t\t\t\t<\/div>\n\t\t\t\t\t<\/div>\n\t\t<\/div>\n\t\t\t\t<div class=\"elementor-column elementor-col-50 elementor-top-column elementor-element elementor-element-d41e739\" data-id=\"d41e739\" data-element_type=\"column\">\n\t\t\t<div class=\"elementor-widget-wrap elementor-element-populated\">\n\t\t\t\t\t\t\t\t<div class=\"elementor-element elementor-element-2e40103 elementor-widget elementor-widget-image\" data-id=\"2e40103\" data-element_type=\"widget\" data-widget_type=\"image.default\">\n\t\t\t\t<div class=\"elementor-widget-container\">\n\t\t\t\t\t\t\t\t\t\t\t\t\t\t\t<img width=\"768\" height=\"513\" src=\"https:\/\/comunidadebompastortaubate.org\/wp-content\/uploads\/2022\/09\/Dispensacao-medicamentos-Hilab-768x513.jpg\" class=\"attachment-medium_large size-medium_large\" alt=\"\" loading=\"lazy\" srcset=\"https:\/\/comunidadebompastortaubate.org\/wp-content\/uploads\/2022\/09\/Dispensacao-medicamentos-Hilab-768x513.jpg 768w, https:\/\/comunidadebompastortaubate.org\/wp-content\/uploads\/2022\/09\/Dispensacao-medicamentos-Hilab-300x200.jpg 300w, https:\/\/comunidadebompastortaubate.org\/wp-content\/uploads\/2022\/09\/Dispensacao-medicamentos-Hilab-1024x684.jpg 1024w, https:\/\/comunidadebompastortaubate.org\/wp-content\/uploads\/2022\/09\/Dispensacao-medicamentos-Hilab.jpg 1341w\" sizes=\"(max-width: 768px) 100vw, 768px\" \/>\t\t\t\t\t\t\t\t\t\t\t\t\t\t\t<\/div>\n\t\t\t\t<\/div>\n\t\t\t\t\t<\/div>\n\t\t<\/div>\n\t\t\t\t\t\t\t<\/div>\n\t\t<\/section>\n\t\t\t\t\t\t\t<\/div>\n\t\t","protected":false},"excerpt":{"rendered":"<p>Farm\u00e1cia Comunit\u00e1ria Guiomar M. Dolcinotti Farm\u00e1cia Comunit\u00e1ria Guiomar M. Dolcinotti, A Farm\u00e1cia Comunit\u00e1ria, \u00e9 um estabelecimento aberto ao p\u00fablico onde se efetua a ced\u00eancia de medicamentos e outros produtos de sa\u00fade e onde se prestam servi\u00e7os de sa\u00fade. Na farm\u00e1cia comunit\u00e1ria a popula\u00e7\u00e3o tem acesso a medicamentos (medicamentos sujeitos a receita m\u00e9dica, medicamentos n\u00e3o sujeitos &hellip;<\/p>\n<p class=\"read-more\"> <a class=\"\" href=\"https:\/\/comunidadebompastortaubate.org\/?page_id=894\"> <span class=\"screen-reader-text\">Farm\u00e1cia Comunit\u00e1ria<\/span> Leia mais &raquo;<\/a><\/p>\n","protected":false},"author":1,"featured_media":0,"parent":0,"menu_order":0,"comment_status":"closed","ping_status":"closed","template":"","meta":{"om_disable_all_campaigns":false,"_mi_skip_tracking":false,"site-sidebar-layout":"no-sidebar","site-content-layout":"page-builder","ast-global-header-display":"","ast-main-header-display":"","ast-hfb-above-header-display":"","ast-hfb-below-header-display":"","ast-hfb-mobile-header-display":"","site-post-title":"disabled","ast-breadcrumbs-content":"","ast-featured-img":"disabled","footer-sml-layout":"","theme-transparent-header-meta":"","adv-header-id-meta":"","stick-header-meta":"","header-above-stick-meta":"","header-main-stick-meta":"","header-below-stick-meta":""},"aioseo_notices":[],"_links":{"self":[{"href":"https:\/\/comunidadebompastortaubate.org\/index.php?rest_route=\/wp\/v2\/pages\/894"}],"collection":[{"href":"https:\/\/comunidadebompastortaubate.org\/index.php?rest_route=\/wp\/v2\/pages"}],"about":[{"href":"https:\/\/comunidadebompastortaubate.org\/index.php?rest_route=\/wp\/v2\/types\/page"}],"author":[{"embeddable":true,"href":"https:\/\/comunidadebompastortaubate.org\/index.php?rest_route=\/wp\/v2\/users\/1"}],"replies":[{"embeddable":true,"href":"https:\/\/comunidadebompastortaubate.org\/index.php?rest_route=%2Fwp%2Fv2%2Fcomments&post=894"}],"version-history":[{"count":7,"href":"https:\/\/comunidadebompastortaubate.org\/index.php?rest_route=\/wp\/v2\/pages\/894\/revisions"}],"predecessor-version":[{"id":912,"href":"https:\/\/comunidadebompastortaubate.org\/index.php?rest_route=\/wp\/v2\/pages\/894\/revisions\/912"}],"wp:attachment":[{"href":"https:\/\/comunidadebompastortaubate.org\/index.php?rest_route=%2Fwp%2Fv2%2Fmedia&parent=894"}],"curies":[{"name":"wp","href":"https:\/\/api.w.org\/{rel}","templated":true}]}}