{"id":353,"date":"2022-08-23T17:27:25","date_gmt":"2022-08-23T20:27:25","guid":{"rendered":"https:\/\/comunidadebompastortaubate.org\/?page_id=353"},"modified":"2022-08-23T23:57:08","modified_gmt":"2022-08-24T02:57:08","slug":"meio-ambiente","status":"publish","type":"page","link":"https:\/\/comunidadebompastortaubate.org\/?page_id=353","title":{"rendered":"Meio Ambiente"},"content":{"rendered":"\t\t<div data-elementor-type=\"wp-page\" data-elementor-id=\"353\" class=\"elementor elementor-353\">\n\t\t\t\t\t\t\t\t\t<section class=\"elementor-section elementor-top-section elementor-element elementor-element-e6e3842 elementor-section-boxed elementor-section-height-default elementor-section-height-default\" data-id=\"e6e3842\" data-element_type=\"section\">\n\t\t\t\t\t\t<div class=\"elementor-container elementor-column-gap-default\">\n\t\t\t\t\t<div class=\"elementor-column elementor-col-100 elementor-top-column elementor-element elementor-element-885c205\" data-id=\"885c205\" data-element_type=\"column\">\n\t\t\t<div class=\"elementor-widget-wrap elementor-element-populated\">\n\t\t\t\t\t\t\t\t<div class=\"elementor-element elementor-element-d9c4b02 elementor-widget elementor-widget-heading\" data-id=\"d9c4b02\" data-element_type=\"widget\" data-widget_type=\"heading.default\">\n\t\t\t\t<div class=\"elementor-widget-container\">\n\t\t\t<style>\/*! elementor - v3.8.1 - 13-11-2022 *\/\n.elementor-heading-title{padding:0;margin:0;line-height:1}.elementor-widget-heading .elementor-heading-title[class*=elementor-size-]>a{color:inherit;font-size:inherit;line-height:inherit}.elementor-widget-heading .elementor-heading-title.elementor-size-small{font-size:15px}.elementor-widget-heading .elementor-heading-title.elementor-size-medium{font-size:19px}.elementor-widget-heading .elementor-heading-title.elementor-size-large{font-size:29px}.elementor-widget-heading .elementor-heading-title.elementor-size-xl{font-size:39px}.elementor-widget-heading .elementor-heading-title.elementor-size-xxl{font-size:59px}<\/style><h2 class=\"elementor-heading-title elementor-size-default\">Meio Ambiente<\/h2>\t\t<\/div>\n\t\t\t\t<\/div>\n\t\t\t\t\t<\/div>\n\t\t<\/div>\n\t\t\t\t\t\t\t<\/div>\n\t\t<\/section>\n\t\t\t\t<section class=\"elementor-section elementor-top-section elementor-element elementor-element-2434834 elementor-section-boxed elementor-section-height-default elementor-section-height-default\" data-id=\"2434834\" data-element_type=\"section\">\n\t\t\t\t\t\t<div class=\"elementor-container elementor-column-gap-default\">\n\t\t\t\t\t<div class=\"elementor-column elementor-col-50 elementor-top-column elementor-element elementor-element-5843374\" data-id=\"5843374\" data-element_type=\"column\">\n\t\t\t<div class=\"elementor-widget-wrap elementor-element-populated\">\n\t\t\t\t\t\t\t\t<div class=\"elementor-element elementor-element-e8b9730 elementor-widget elementor-widget-text-editor\" data-id=\"e8b9730\" data-element_type=\"widget\" data-widget_type=\"text-editor.default\">\n\t\t\t\t<div class=\"elementor-widget-container\">\n\t\t\t<style>\/*! elementor - v3.8.1 - 13-11-2022 *\/\n.elementor-widget-text-editor.elementor-drop-cap-view-stacked .elementor-drop-cap{background-color:#818a91;color:#fff}.elementor-widget-text-editor.elementor-drop-cap-view-framed .elementor-drop-cap{color:#818a91;border:3px solid;background-color:transparent}.elementor-widget-text-editor:not(.elementor-drop-cap-view-default) .elementor-drop-cap{margin-top:8px}.elementor-widget-text-editor:not(.elementor-drop-cap-view-default) .elementor-drop-cap-letter{width:1em;height:1em}.elementor-widget-text-editor .elementor-drop-cap{float:left;text-align:center;line-height:1;font-size:50px}.elementor-widget-text-editor .elementor-drop-cap-letter{display:inline-block}<\/style>\t\t\t\t<p>Desenvolvimento de oficinas e atividades relacionadas \u00e0 educa\u00e7\u00e3o ambiental. Cada oficina ou atividade possui objetivos espec\u00edficos vinculados ao objetivo geral que \u00e9 desenvolver a alfabetiza\u00e7\u00e3o ecol\u00f3gica. Al\u00e9m disso as atividades dialogam com os Objetivos de Desenvolvimento Sustent\u00e1vel e metas da Agenda 2030 da ONU, especialmente o ODS 4 (educa\u00e7\u00e3o de qualidade) e o ODS 11 (cidades e comunidades sustent\u00e1veis), da qual o Brasil \u00e9 signat\u00e1rio.<\/p><p>Foram realizadas, entre junho e agosto de 2022, oito atividades envolvendo oficinas de arte-educa\u00e7\u00e3o, viv\u00eancias com a natureza e uma excurs\u00e3o. Buscou-se o equil\u00edbrio entre atividades em sala de aula e atividades externas, principalmente com abordagem pr\u00e1tica, a partir de princ\u00edpios e fundamentos te\u00f3ricos de educa\u00e7\u00e3o n\u00e3o formal.<\/p><p>As crian\u00e7as e adolescentes adquiriram conhecimentos sobre pr\u00e1ticas sustent\u00e1veis e relacionaram \u00e0 vida cotidiana.<\/p>\t\t\t\t\t\t<\/div>\n\t\t\t\t<\/div>\n\t\t\t\t\t<\/div>\n\t\t<\/div>\n\t\t\t\t<div class=\"elementor-column elementor-col-50 elementor-top-column elementor-element elementor-element-bac17bf\" data-id=\"bac17bf\" data-element_type=\"column\">\n\t\t\t<div class=\"elementor-widget-wrap elementor-element-populated\">\n\t\t\t\t\t\t\t\t<div class=\"elementor-element elementor-element-f5dc422 elementor-widget elementor-widget-image\" data-id=\"f5dc422\" data-element_type=\"widget\" data-widget_type=\"image.default\">\n\t\t\t\t<div class=\"elementor-widget-container\">\n\t\t\t<style>\/*! elementor - v3.8.1 - 13-11-2022 *\/\n.elementor-widget-image{text-align:center}.elementor-widget-image a{display:inline-block}.elementor-widget-image a img[src$=\".svg\"]{width:48px}.elementor-widget-image img{vertical-align:middle;display:inline-block}<\/style>\t\t\t\t\t\t\t\t\t\t\t\t<img width=\"508\" height=\"678\" src=\"https:\/\/comunidadebompastortaubate.org\/wp-content\/uploads\/2022\/08\/16.png\" class=\"attachment-large size-large\" alt=\"\" loading=\"lazy\" srcset=\"https:\/\/comunidadebompastortaubate.org\/wp-content\/uploads\/2022\/08\/16.png 508w, https:\/\/comunidadebompastortaubate.org\/wp-content\/uploads\/2022\/08\/16-225x300.png 225w\" sizes=\"(max-width: 508px) 100vw, 508px\" \/>\t\t\t\t\t\t\t\t\t\t\t\t\t\t\t<\/div>\n\t\t\t\t<\/div>\n\t\t\t\t\t<\/div>\n\t\t<\/div>\n\t\t\t\t\t\t\t<\/div>\n\t\t<\/section>\n\t\t\t\t<section class=\"elementor-section elementor-top-section elementor-element elementor-element-77adb61 elementor-section-boxed elementor-section-height-default elementor-section-height-default\" data-id=\"77adb61\" data-element_type=\"section\">\n\t\t\t\t\t\t<div class=\"elementor-container elementor-column-gap-default\">\n\t\t\t\t\t<div class=\"elementor-column elementor-col-100 elementor-top-column elementor-element elementor-element-0f57fea\" data-id=\"0f57fea\" data-element_type=\"column\">\n\t\t\t<div class=\"elementor-widget-wrap elementor-element-populated\">\n\t\t\t\t\t\t\t\t<div class=\"elementor-element elementor-element-24ace19 elementor-widget-divider--view-line_icon elementor-view-default elementor-widget-divider--element-align-center elementor-widget elementor-widget-divider\" data-id=\"24ace19\" data-element_type=\"widget\" data-widget_type=\"divider.default\">\n\t\t\t\t<div class=\"elementor-widget-container\">\n\t\t\t<style>\/*! elementor - v3.8.1 - 13-11-2022 *\/\n.elementor-widget-divider{--divider-border-style:none;--divider-border-width:1px;--divider-color:#2c2c2c;--divider-icon-size:20px;--divider-element-spacing:10px;--divider-pattern-height:24px;--divider-pattern-size:20px;--divider-pattern-url:none;--divider-pattern-repeat:repeat-x}.elementor-widget-divider .elementor-divider{display:-webkit-box;display:-ms-flexbox;display:flex}.elementor-widget-divider .elementor-divider__text{font-size:15px;line-height:1;max-width:95%}.elementor-widget-divider .elementor-divider__element{margin:0 var(--divider-element-spacing);-ms-flex-negative:0;flex-shrink:0}.elementor-widget-divider .elementor-icon{font-size:var(--divider-icon-size)}.elementor-widget-divider .elementor-divider-separator{display:-webkit-box;display:-ms-flexbox;display:flex;margin:0;direction:ltr}.elementor-widget-divider--view-line_icon .elementor-divider-separator,.elementor-widget-divider--view-line_text .elementor-divider-separator{-webkit-box-align:center;-ms-flex-align:center;align-items:center}.elementor-widget-divider--view-line_icon .elementor-divider-separator:after,.elementor-widget-divider--view-line_icon .elementor-divider-separator:before,.elementor-widget-divider--view-line_text .elementor-divider-separator:after,.elementor-widget-divider--view-line_text .elementor-divider-separator:before{display:block;content:\"\";border-bottom:0;-webkit-box-flex:1;-ms-flex-positive:1;flex-grow:1;border-top:var(--divider-border-width) var(--divider-border-style) var(--divider-color)}.elementor-widget-divider--element-align-left .elementor-divider .elementor-divider-separator>.elementor-divider__svg:first-of-type{-webkit-box-flex:0;-ms-flex-positive:0;flex-grow:0;-ms-flex-negative:100;flex-shrink:100}.elementor-widget-divider--element-align-left .elementor-divider-separator:before{content:none}.elementor-widget-divider--element-align-left .elementor-divider__element{margin-left:0}.elementor-widget-divider--element-align-right .elementor-divider .elementor-divider-separator>.elementor-divider__svg:last-of-type{-webkit-box-flex:0;-ms-flex-positive:0;flex-grow:0;-ms-flex-negative:100;flex-shrink:100}.elementor-widget-divider--element-align-right .elementor-divider-separator:after{content:none}.elementor-widget-divider--element-align-right .elementor-divider__element{margin-right:0}.elementor-widget-divider:not(.elementor-widget-divider--view-line_text):not(.elementor-widget-divider--view-line_icon) .elementor-divider-separator{border-top:var(--divider-border-width) var(--divider-border-style) var(--divider-color)}.elementor-widget-divider--separator-type-pattern{--divider-border-style:none}.elementor-widget-divider--separator-type-pattern.elementor-widget-divider--view-line .elementor-divider-separator,.elementor-widget-divider--separator-type-pattern:not(.elementor-widget-divider--view-line) .elementor-divider-separator:after,.elementor-widget-divider--separator-type-pattern:not(.elementor-widget-divider--view-line) .elementor-divider-separator:before,.elementor-widget-divider--separator-type-pattern:not([class*=elementor-widget-divider--view]) .elementor-divider-separator{width:100%;min-height:var(--divider-pattern-height);-webkit-mask-size:var(--divider-pattern-size) 100%;mask-size:var(--divider-pattern-size) 100%;-webkit-mask-repeat:var(--divider-pattern-repeat);mask-repeat:var(--divider-pattern-repeat);background-color:var(--divider-color);-webkit-mask-image:var(--divider-pattern-url);mask-image:var(--divider-pattern-url)}.elementor-widget-divider--no-spacing{--divider-pattern-size:auto}.elementor-widget-divider--bg-round{--divider-pattern-repeat:round}.rtl .elementor-widget-divider .elementor-divider__text{direction:rtl}.e-con-inner>.elementor-widget-divider,.e-con>.elementor-widget-divider{width:var(--container-widget-width,100%)}<\/style>\t\t<div class=\"elementor-divider\">\n\t\t\t<span class=\"elementor-divider-separator\">\n\t\t\t\t\t\t\t<div class=\"elementor-icon elementor-divider__element\">\n\t\t\t\t\t<i aria-hidden=\"true\" class=\"fas fa-church\"><\/i><\/div>\n\t\t\t\t\t\t<\/span>\n\t\t<\/div>\n\t\t\t\t<\/div>\n\t\t\t\t<\/div>\n\t\t\t\t\t<\/div>\n\t\t<\/div>\n\t\t\t\t\t\t\t<\/div>\n\t\t<\/section>\n\t\t\t\t<section class=\"elementor-section elementor-top-section elementor-element elementor-element-fb14148 elementor-section-boxed elementor-section-height-default elementor-section-height-default\" data-id=\"fb14148\" data-element_type=\"section\">\n\t\t\t\t\t\t<div class=\"elementor-container elementor-column-gap-default\">\n\t\t\t\t\t<div class=\"elementor-column elementor-col-100 elementor-top-column elementor-element elementor-element-fe81f6a\" data-id=\"fe81f6a\" data-element_type=\"column\">\n\t\t\t<div class=\"elementor-widget-wrap elementor-element-populated\">\n\t\t\t\t\t\t\t\t<div class=\"elementor-element elementor-element-c52ecdc gallery-spacing-custom elementor-widget elementor-widget-image-gallery\" data-id=\"c52ecdc\" data-element_type=\"widget\" data-widget_type=\"image-gallery.default\">\n\t\t\t\t<div class=\"elementor-widget-container\">\n\t\t\t<style>\/*! elementor - v3.8.1 - 13-11-2022 *\/\n.elementor-image-gallery .gallery-item{display:inline-block;text-align:center;vertical-align:top;width:100%;max-width:100%;margin:0 auto}.elementor-image-gallery .gallery-item img{margin:0 auto}.elementor-image-gallery .gallery-item .gallery-caption{margin:0}.elementor-image-gallery figure img{display:block}.elementor-image-gallery figure figcaption{width:100%}.gallery-spacing-custom .elementor-image-gallery .gallery-icon{padding:0}@media (min-width:768px){.elementor-image-gallery .gallery-columns-2 .gallery-item{max-width:50%}.elementor-image-gallery .gallery-columns-3 .gallery-item{max-width:33.33%}.elementor-image-gallery .gallery-columns-4 .gallery-item{max-width:25%}.elementor-image-gallery .gallery-columns-5 .gallery-item{max-width:20%}.elementor-image-gallery .gallery-columns-6 .gallery-item{max-width:16.666%}.elementor-image-gallery .gallery-columns-7 .gallery-item{max-width:14.28%}.elementor-image-gallery .gallery-columns-8 .gallery-item{max-width:12.5%}.elementor-image-gallery .gallery-columns-9 .gallery-item{max-width:11.11%}.elementor-image-gallery .gallery-columns-10 .gallery-item{max-width:10%}}@media (min-width:480px) and (max-width:767px){.elementor-image-gallery .gallery.gallery-columns-2 .gallery-item,.elementor-image-gallery .gallery.gallery-columns-3 .gallery-item,.elementor-image-gallery .gallery.gallery-columns-4 .gallery-item,.elementor-image-gallery .gallery.gallery-columns-5 .gallery-item,.elementor-image-gallery .gallery.gallery-columns-6 .gallery-item,.elementor-image-gallery .gallery.gallery-columns-7 .gallery-item,.elementor-image-gallery .gallery.gallery-columns-8 .gallery-item,.elementor-image-gallery .gallery.gallery-columns-9 .gallery-item,.elementor-image-gallery .gallery.gallery-columns-10 .gallery-item{max-width:50%}}@media (max-width:479px){.elementor-image-gallery .gallery.gallery-columns-2 .gallery-item,.elementor-image-gallery .gallery.gallery-columns-3 .gallery-item,.elementor-image-gallery .gallery.gallery-columns-4 .gallery-item,.elementor-image-gallery .gallery.gallery-columns-5 .gallery-item,.elementor-image-gallery .gallery.gallery-columns-6 .gallery-item,.elementor-image-gallery .gallery.gallery-columns-7 .gallery-item,.elementor-image-gallery .gallery.gallery-columns-8 .gallery-item,.elementor-image-gallery .gallery.gallery-columns-9 .gallery-item,.elementor-image-gallery .gallery.gallery-columns-10 .gallery-item{max-width:100%}}<\/style>\t\t<div class=\"elementor-image-gallery\">\n\t\t\t<div id='gallery-1' class='gallery galleryid-353 gallery-columns-4 gallery-size-1536x1536'><figure class='gallery-item'>\n\t\t\t<div class='gallery-icon landscape'>\n\t\t\t\t<a data-elementor-open-lightbox=\"yes\" data-elementor-lightbox-slideshow=\"c52ecdc\" data-elementor-lightbox-title=\"12\" e-action-hash=\"#elementor-action%3Aaction%3Dlightbox%26settings%3DeyJpZCI6NDMzLCJ1cmwiOiJodHRwczpcL1wvY29tdW5pZGFkZWJvbXBhc3RvcnRhdWJhdGUub3JnXC93cC1jb250ZW50XC91cGxvYWRzXC8yMDIyXC8wOFwvMTIucG5nIiwic2xpZGVzaG93IjoiYzUyZWNkYyJ9\" href='https:\/\/comunidadebompastortaubate.org\/wp-content\/uploads\/2022\/08\/12.png'><img width=\"837\" height=\"573\" src=\"https:\/\/comunidadebompastortaubate.org\/wp-content\/uploads\/2022\/08\/12.png\" class=\"attachment-1536x1536 size-1536x1536\" alt=\"\" loading=\"lazy\" srcset=\"https:\/\/comunidadebompastortaubate.org\/wp-content\/uploads\/2022\/08\/12.png 837w, https:\/\/comunidadebompastortaubate.org\/wp-content\/uploads\/2022\/08\/12-300x205.png 300w, https:\/\/comunidadebompastortaubate.org\/wp-content\/uploads\/2022\/08\/12-768x526.png 768w\" sizes=\"(max-width: 837px) 100vw, 837px\" \/><\/a>\n\t\t\t<\/div><\/figure><figure class='gallery-item'>\n\t\t\t<div class='gallery-icon landscape'>\n\t\t\t\t<a data-elementor-open-lightbox=\"yes\" data-elementor-lightbox-slideshow=\"c52ecdc\" data-elementor-lightbox-title=\"13\" e-action-hash=\"#elementor-action%3Aaction%3Dlightbox%26settings%3DeyJpZCI6NDM0LCJ1cmwiOiJodHRwczpcL1wvY29tdW5pZGFkZWJvbXBhc3RvcnRhdWJhdGUub3JnXC93cC1jb250ZW50XC91cGxvYWRzXC8yMDIyXC8wOFwvMTMucG5nIiwic2xpZGVzaG93IjoiYzUyZWNkYyJ9\" href='https:\/\/comunidadebompastortaubate.org\/wp-content\/uploads\/2022\/08\/13.png'><img width=\"693\" height=\"574\" src=\"https:\/\/comunidadebompastortaubate.org\/wp-content\/uploads\/2022\/08\/13.png\" class=\"attachment-1536x1536 size-1536x1536\" alt=\"\" loading=\"lazy\" srcset=\"https:\/\/comunidadebompastortaubate.org\/wp-content\/uploads\/2022\/08\/13.png 693w, https:\/\/comunidadebompastortaubate.org\/wp-content\/uploads\/2022\/08\/13-300x248.png 300w\" sizes=\"(max-width: 693px) 100vw, 693px\" \/><\/a>\n\t\t\t<\/div><\/figure><figure class='gallery-item'>\n\t\t\t<div class='gallery-icon landscape'>\n\t\t\t\t<a data-elementor-open-lightbox=\"yes\" data-elementor-lightbox-slideshow=\"c52ecdc\" data-elementor-lightbox-title=\"14\" e-action-hash=\"#elementor-action%3Aaction%3Dlightbox%26settings%3DeyJpZCI6NDM1LCJ1cmwiOiJodHRwczpcL1wvY29tdW5pZGFkZWJvbXBhc3RvcnRhdWJhdGUub3JnXC93cC1jb250ZW50XC91cGxvYWRzXC8yMDIyXC8wOFwvMTQucG5nIiwic2xpZGVzaG93IjoiYzUyZWNkYyJ9\" href='https:\/\/comunidadebompastortaubate.org\/wp-content\/uploads\/2022\/08\/14.png'><img width=\"441\" height=\"316\" src=\"https:\/\/comunidadebompastortaubate.org\/wp-content\/uploads\/2022\/08\/14.png\" class=\"attachment-1536x1536 size-1536x1536\" alt=\"\" loading=\"lazy\" srcset=\"https:\/\/comunidadebompastortaubate.org\/wp-content\/uploads\/2022\/08\/14.png 441w, https:\/\/comunidadebompastortaubate.org\/wp-content\/uploads\/2022\/08\/14-300x215.png 300w\" sizes=\"(max-width: 441px) 100vw, 441px\" \/><\/a>\n\t\t\t<\/div><\/figure><figure class='gallery-item'>\n\t\t\t<div class='gallery-icon landscape'>\n\t\t\t\t<a data-elementor-open-lightbox=\"yes\" data-elementor-lightbox-slideshow=\"c52ecdc\" data-elementor-lightbox-title=\"15\" e-action-hash=\"#elementor-action%3Aaction%3Dlightbox%26settings%3DeyJpZCI6NDM2LCJ1cmwiOiJodHRwczpcL1wvY29tdW5pZGFkZWJvbXBhc3RvcnRhdWJhdGUub3JnXC93cC1jb250ZW50XC91cGxvYWRzXC8yMDIyXC8wOFwvMTUucG5nIiwic2xpZGVzaG93IjoiYzUyZWNkYyJ9\" href='https:\/\/comunidadebompastortaubate.org\/wp-content\/uploads\/2022\/08\/15.png'><img width=\"746\" height=\"511\" src=\"https:\/\/comunidadebompastortaubate.org\/wp-content\/uploads\/2022\/08\/15.png\" class=\"attachment-1536x1536 size-1536x1536\" alt=\"\" loading=\"lazy\" srcset=\"https:\/\/comunidadebompastortaubate.org\/wp-content\/uploads\/2022\/08\/15.png 746w, https:\/\/comunidadebompastortaubate.org\/wp-content\/uploads\/2022\/08\/15-300x205.png 300w\" sizes=\"(max-width: 746px) 100vw, 746px\" \/><\/a>\n\t\t\t<\/div><\/figure><figure class='gallery-item'>\n\t\t\t<div class='gallery-icon portrait'>\n\t\t\t\t<a data-elementor-open-lightbox=\"yes\" data-elementor-lightbox-slideshow=\"c52ecdc\" data-elementor-lightbox-title=\"16\" e-action-hash=\"#elementor-action%3Aaction%3Dlightbox%26settings%3DeyJpZCI6NDM3LCJ1cmwiOiJodHRwczpcL1wvY29tdW5pZGFkZWJvbXBhc3RvcnRhdWJhdGUub3JnXC93cC1jb250ZW50XC91cGxvYWRzXC8yMDIyXC8wOFwvMTYtMS5wbmciLCJzbGlkZXNob3ciOiJjNTJlY2RjIn0%3D\" href='https:\/\/comunidadebompastortaubate.org\/wp-content\/uploads\/2022\/08\/16-1.png'><img width=\"508\" height=\"678\" src=\"https:\/\/comunidadebompastortaubate.org\/wp-content\/uploads\/2022\/08\/16-1.png\" class=\"attachment-1536x1536 size-1536x1536\" alt=\"\" loading=\"lazy\" srcset=\"https:\/\/comunidadebompastortaubate.org\/wp-content\/uploads\/2022\/08\/16-1.png 508w, https:\/\/comunidadebompastortaubate.org\/wp-content\/uploads\/2022\/08\/16-1-225x300.png 225w\" sizes=\"(max-width: 508px) 100vw, 508px\" \/><\/a>\n\t\t\t<\/div><\/figure><figure class='gallery-item'>\n\t\t\t<div class='gallery-icon landscape'>\n\t\t\t\t<a data-elementor-open-lightbox=\"yes\" data-elementor-lightbox-slideshow=\"c52ecdc\" data-elementor-lightbox-title=\"17\" e-action-hash=\"#elementor-action%3Aaction%3Dlightbox%26settings%3DeyJpZCI6NDM4LCJ1cmwiOiJodHRwczpcL1wvY29tdW5pZGFkZWJvbXBhc3RvcnRhdWJhdGUub3JnXC93cC1jb250ZW50XC91cGxvYWRzXC8yMDIyXC8wOFwvMTcucG5nIiwic2xpZGVzaG93IjoiYzUyZWNkYyJ9\" href='https:\/\/comunidadebompastortaubate.org\/wp-content\/uploads\/2022\/08\/17.png'><img width=\"839\" height=\"571\" src=\"https:\/\/comunidadebompastortaubate.org\/wp-content\/uploads\/2022\/08\/17.png\" class=\"attachment-1536x1536 size-1536x1536\" alt=\"\" loading=\"lazy\" srcset=\"https:\/\/comunidadebompastortaubate.org\/wp-content\/uploads\/2022\/08\/17.png 839w, https:\/\/comunidadebompastortaubate.org\/wp-content\/uploads\/2022\/08\/17-300x204.png 300w, https:\/\/comunidadebompastortaubate.org\/wp-content\/uploads\/2022\/08\/17-768x523.png 768w\" sizes=\"(max-width: 839px) 100vw, 839px\" \/><\/a>\n\t\t\t<\/div><\/figure><figure class='gallery-item'>\n\t\t\t<div class='gallery-icon landscape'>\n\t\t\t\t<a data-elementor-open-lightbox=\"yes\" data-elementor-lightbox-slideshow=\"c52ecdc\" data-elementor-lightbox-title=\"18\" e-action-hash=\"#elementor-action%3Aaction%3Dlightbox%26settings%3DeyJpZCI6NDM5LCJ1cmwiOiJodHRwczpcL1wvY29tdW5pZGFkZWJvbXBhc3RvcnRhdWJhdGUub3JnXC93cC1jb250ZW50XC91cGxvYWRzXC8yMDIyXC8wOFwvMTgucG5nIiwic2xpZGVzaG93IjoiYzUyZWNkYyJ9\" href='https:\/\/comunidadebompastortaubate.org\/wp-content\/uploads\/2022\/08\/18.png'><img width=\"841\" height=\"542\" src=\"https:\/\/comunidadebompastortaubate.org\/wp-content\/uploads\/2022\/08\/18.png\" class=\"attachment-1536x1536 size-1536x1536\" alt=\"\" loading=\"lazy\" srcset=\"https:\/\/comunidadebompastortaubate.org\/wp-content\/uploads\/2022\/08\/18.png 841w, https:\/\/comunidadebompastortaubate.org\/wp-content\/uploads\/2022\/08\/18-300x193.png 300w, https:\/\/comunidadebompastortaubate.org\/wp-content\/uploads\/2022\/08\/18-768x495.png 768w\" sizes=\"(max-width: 841px) 100vw, 841px\" \/><\/a>\n\t\t\t<\/div><\/figure><figure class='gallery-item'>\n\t\t\t<div class='gallery-icon landscape'>\n\t\t\t\t<a data-elementor-open-lightbox=\"yes\" data-elementor-lightbox-slideshow=\"c52ecdc\" data-elementor-lightbox-title=\"19\" e-action-hash=\"#elementor-action%3Aaction%3Dlightbox%26settings%3DeyJpZCI6NDQwLCJ1cmwiOiJodHRwczpcL1wvY29tdW5pZGFkZWJvbXBhc3RvcnRhdWJhdGUub3JnXC93cC1jb250ZW50XC91cGxvYWRzXC8yMDIyXC8wOFwvMTkucG5nIiwic2xpZGVzaG93IjoiYzUyZWNkYyJ9\" href='https:\/\/comunidadebompastortaubate.org\/wp-content\/uploads\/2022\/08\/19.png'><img width=\"960\" height=\"720\" src=\"https:\/\/comunidadebompastortaubate.org\/wp-content\/uploads\/2022\/08\/19.png\" class=\"attachment-1536x1536 size-1536x1536\" alt=\"\" loading=\"lazy\" srcset=\"https:\/\/comunidadebompastortaubate.org\/wp-content\/uploads\/2022\/08\/19.png 960w, https:\/\/comunidadebompastortaubate.org\/wp-content\/uploads\/2022\/08\/19-300x225.png 300w, https:\/\/comunidadebompastortaubate.org\/wp-content\/uploads\/2022\/08\/19-768x576.png 768w\" sizes=\"(max-width: 960px) 100vw, 960px\" \/><\/a>\n\t\t\t<\/div><\/figure>\n\t\t<\/div>\n\t\t<\/div>\n\t\t\t\t<\/div>\n\t\t\t\t<\/div>\n\t\t\t\t\t<\/div>\n\t\t<\/div>\n\t\t\t\t\t\t\t<\/div>\n\t\t<\/section>\n\t\t\t\t\t\t\t<\/div>\n\t\t","protected":false},"excerpt":{"rendered":"<p>Meio Ambiente Desenvolvimento de oficinas e atividades relacionadas \u00e0 educa\u00e7\u00e3o ambiental. Cada oficina ou atividade possui objetivos espec\u00edficos vinculados ao objetivo geral que \u00e9 desenvolver a alfabetiza\u00e7\u00e3o ecol\u00f3gica. Al\u00e9m disso as atividades dialogam com os Objetivos de Desenvolvimento Sustent\u00e1vel e metas da Agenda 2030 da ONU, especialmente o ODS 4 (educa\u00e7\u00e3o de qualidade) e o &hellip;<\/p>\n<p class=\"read-more\"> <a class=\"\" href=\"https:\/\/comunidadebompastortaubate.org\/?page_id=353\"> <span class=\"screen-reader-text\">Meio Ambiente<\/span> Leia mais &raquo;<\/a><\/p>\n","protected":false},"author":1,"featured_media":0,"parent":0,"menu_order":0,"comment_status":"closed","ping_status":"closed","template":"","meta":{"om_disable_all_campaigns":false,"_mi_skip_tracking":false,"site-sidebar-layout":"no-sidebar","site-content-layout":"page-builder","ast-global-header-display":"","ast-main-header-display":"","ast-hfb-above-header-display":"","ast-hfb-below-header-display":"","ast-hfb-mobile-header-display":"","site-post-title":"disabled","ast-breadcrumbs-content":"","ast-featured-img":"disabled","footer-sml-layout":"","theme-transparent-header-meta":"","adv-header-id-meta":"","stick-header-meta":"","header-above-stick-meta":"","header-main-stick-meta":"","header-below-stick-meta":""},"aioseo_notices":[],"_links":{"self":[{"href":"https:\/\/comunidadebompastortaubate.org\/index.php?rest_route=\/wp\/v2\/pages\/353"}],"collection":[{"href":"https:\/\/comunidadebompastortaubate.org\/index.php?rest_route=\/wp\/v2\/pages"}],"about":[{"href":"https:\/\/comunidadebompastortaubate.org\/index.php?rest_route=\/wp\/v2\/types\/page"}],"author":[{"embeddable":true,"href":"https:\/\/comunidadebompastortaubate.org\/index.php?rest_route=\/wp\/v2\/users\/1"}],"replies":[{"embeddable":true,"href":"https:\/\/comunidadebompastortaubate.org\/index.php?rest_route=%2Fwp%2Fv2%2Fcomments&post=353"}],"version-history":[{"count":10,"href":"https:\/\/comunidadebompastortaubate.org\/index.php?rest_route=\/wp\/v2\/pages\/353\/revisions"}],"predecessor-version":[{"id":446,"href":"https:\/\/comunidadebompastortaubate.org\/index.php?rest_route=\/wp\/v2\/pages\/353\/revisions\/446"}],"wp:attachment":[{"href":"https:\/\/comunidadebompastortaubate.org\/index.php?rest_route=%2Fwp%2Fv2%2Fmedia&parent=353"}],"curies":[{"name":"wp","href":"https:\/\/api.w.org\/{rel}","templated":true}]}}