{"id":347,"date":"2022-08-23T17:26:36","date_gmt":"2022-08-23T20:26:36","guid":{"rendered":"https:\/\/comunidadebompastortaubate.org\/?page_id=347"},"modified":"2022-08-23T18:37:27","modified_gmt":"2022-08-23T21:37:27","slug":"esportes","status":"publish","type":"page","link":"https:\/\/comunidadebompastortaubate.org\/?page_id=347","title":{"rendered":"Esportes"},"content":{"rendered":"\t\t<div data-elementor-type=\"wp-page\" data-elementor-id=\"347\" class=\"elementor elementor-347\">\n\t\t\t\t\t\t\t\t\t<section class=\"elementor-section elementor-top-section elementor-element elementor-element-102cb08 elementor-section-boxed elementor-section-height-default elementor-section-height-default\" data-id=\"102cb08\" data-element_type=\"section\">\n\t\t\t\t\t\t<div class=\"elementor-container elementor-column-gap-default\">\n\t\t\t\t\t<div class=\"elementor-column elementor-col-100 elementor-top-column elementor-element elementor-element-f18d7fd\" data-id=\"f18d7fd\" data-element_type=\"column\">\n\t\t\t<div class=\"elementor-widget-wrap elementor-element-populated\">\n\t\t\t\t\t\t\t\t<div class=\"elementor-element elementor-element-1ea287b elementor-widget elementor-widget-heading\" data-id=\"1ea287b\" data-element_type=\"widget\" data-widget_type=\"heading.default\">\n\t\t\t\t<div class=\"elementor-widget-container\">\n\t\t\t<style>\/*! elementor - v3.8.1 - 13-11-2022 *\/\n.elementor-heading-title{padding:0;margin:0;line-height:1}.elementor-widget-heading .elementor-heading-title[class*=elementor-size-]>a{color:inherit;font-size:inherit;line-height:inherit}.elementor-widget-heading .elementor-heading-title.elementor-size-small{font-size:15px}.elementor-widget-heading .elementor-heading-title.elementor-size-medium{font-size:19px}.elementor-widget-heading .elementor-heading-title.elementor-size-large{font-size:29px}.elementor-widget-heading .elementor-heading-title.elementor-size-xl{font-size:39px}.elementor-widget-heading .elementor-heading-title.elementor-size-xxl{font-size:59px}<\/style><h2 class=\"elementor-heading-title elementor-size-default\">Esportes<\/h2>\t\t<\/div>\n\t\t\t\t<\/div>\n\t\t\t\t\t<\/div>\n\t\t<\/div>\n\t\t\t\t\t\t\t<\/div>\n\t\t<\/section>\n\t\t\t\t<section class=\"elementor-section elementor-top-section elementor-element elementor-element-62f3100 elementor-section-boxed elementor-section-height-default elementor-section-height-default\" data-id=\"62f3100\" data-element_type=\"section\">\n\t\t\t\t\t\t<div class=\"elementor-container elementor-column-gap-default\">\n\t\t\t\t\t<div class=\"elementor-column elementor-col-50 elementor-top-column elementor-element elementor-element-57a4b65\" data-id=\"57a4b65\" data-element_type=\"column\">\n\t\t\t<div class=\"elementor-widget-wrap elementor-element-populated\">\n\t\t\t\t\t\t\t\t<div class=\"elementor-element elementor-element-0fbbeaa elementor-widget elementor-widget-text-editor\" data-id=\"0fbbeaa\" data-element_type=\"widget\" data-widget_type=\"text-editor.default\">\n\t\t\t\t<div class=\"elementor-widget-container\">\n\t\t\t<style>\/*! elementor - v3.8.1 - 13-11-2022 *\/\n.elementor-widget-text-editor.elementor-drop-cap-view-stacked .elementor-drop-cap{background-color:#818a91;color:#fff}.elementor-widget-text-editor.elementor-drop-cap-view-framed .elementor-drop-cap{color:#818a91;border:3px solid;background-color:transparent}.elementor-widget-text-editor:not(.elementor-drop-cap-view-default) .elementor-drop-cap{margin-top:8px}.elementor-widget-text-editor:not(.elementor-drop-cap-view-default) .elementor-drop-cap-letter{width:1em;height:1em}.elementor-widget-text-editor .elementor-drop-cap{float:left;text-align:center;line-height:1;font-size:50px}.elementor-widget-text-editor .elementor-drop-cap-letter{display:inline-block}<\/style>\t\t\t\t<p>A pr\u00e1tica esportiva tem se consolidado como instrumento de projetos humanit\u00e1rios e que procuram o desenvolvimento social dos grupos benefici\u00e1rios, por meio da promo\u00e7\u00e3o da paz, igualdade racial, de g\u00eanero e social al\u00e9m de contribuir para habilidades individuais.<\/p><p>Assim tamb\u00e9m ocorre com o futebol \u2013 esporte mais praticado no mundo \u2013, no qual a pr\u00e1tica coletiva \u00e9 valorizada, a inclus\u00e3o de grupos estigmatizados ou marginalizados se torna mais f\u00e1cil. O Bom Pastor tem utilizado o esporte como uma linha estrat\u00e9gica para alcan\u00e7ar adolescentes, jovens e adultos em a\u00e7\u00f5es para promo\u00e7\u00e3o da igualdade de g\u00eanero, sa\u00fade e preven\u00e7\u00e3o da viol\u00eancia. Deste modo, procura contribuir para a transforma\u00e7\u00e3o das normas sociais que produzem e sustentam a desigualdade de g\u00eanero em espa\u00e7os de socializa\u00e7\u00e3o de crian\u00e7as e jovens.<\/p><p>In\u00fameros projetos sociais utilizam o esporte como uma estrat\u00e9gia para mudan\u00e7a social. No entanto, poucas interven\u00e7\u00f5es destinadas a promover um comportamento mais equitativo e de preven\u00e7\u00e3o de viol\u00eancia entre os jovens foram avaliadas. Sabe-se relativamente pouco acerca de boas pr\u00e1ticas e estrat\u00e9gias relacionados ao uso do esporte como ferramenta para alcan\u00e7ar mudan\u00e7as.<\/p>\t\t\t\t\t\t<\/div>\n\t\t\t\t<\/div>\n\t\t\t\t\t<\/div>\n\t\t<\/div>\n\t\t\t\t<div class=\"elementor-column elementor-col-50 elementor-top-column elementor-element elementor-element-57c229c\" data-id=\"57c229c\" data-element_type=\"column\">\n\t\t\t<div class=\"elementor-widget-wrap elementor-element-populated\">\n\t\t\t\t\t\t\t\t<div class=\"elementor-element elementor-element-b709f91 elementor-widget elementor-widget-image\" data-id=\"b709f91\" data-element_type=\"widget\" data-widget_type=\"image.default\">\n\t\t\t\t<div class=\"elementor-widget-container\">\n\t\t\t<style>\/*! elementor - v3.8.1 - 13-11-2022 *\/\n.elementor-widget-image{text-align:center}.elementor-widget-image a{display:inline-block}.elementor-widget-image a img[src$=\".svg\"]{width:48px}.elementor-widget-image img{vertical-align:middle;display:inline-block}<\/style>\t\t\t\t\t\t\t\t\t<figure class=\"wp-caption\">\n\t\t\t\t\t\t\t\t\t\t<img width=\"1024\" height=\"576\" src=\"https:\/\/comunidadebompastortaubate.org\/wp-content\/uploads\/2022\/08\/44-1024x576.png\" class=\"attachment-large size-large\" alt=\"\" loading=\"lazy\" srcset=\"https:\/\/comunidadebompastortaubate.org\/wp-content\/uploads\/2022\/08\/44-1024x576.png 1024w, https:\/\/comunidadebompastortaubate.org\/wp-content\/uploads\/2022\/08\/44-300x169.png 300w, https:\/\/comunidadebompastortaubate.org\/wp-content\/uploads\/2022\/08\/44-768x432.png 768w, https:\/\/comunidadebompastortaubate.org\/wp-content\/uploads\/2022\/08\/44.png 1168w\" sizes=\"(max-width: 1024px) 100vw, 1024px\" \/>\t\t\t\t\t\t\t\t\t\t\t<figcaption class=\"widget-image-caption wp-caption-text\">Alunos fazendo uma visita no Estadio Municipal<\/figcaption>\n\t\t\t\t\t\t\t\t\t\t<\/figure>\n\t\t\t\t\t\t\t\t\t<\/div>\n\t\t\t\t<\/div>\n\t\t\t\t\t<\/div>\n\t\t<\/div>\n\t\t\t\t\t\t\t<\/div>\n\t\t<\/section>\n\t\t\t\t<section class=\"elementor-section elementor-top-section elementor-element elementor-element-45645c0 elementor-section-boxed elementor-section-height-default elementor-section-height-default\" data-id=\"45645c0\" data-element_type=\"section\">\n\t\t\t\t\t\t<div class=\"elementor-container elementor-column-gap-default\">\n\t\t\t\t\t<div class=\"elementor-column elementor-col-100 elementor-top-column elementor-element elementor-element-081c46a\" data-id=\"081c46a\" data-element_type=\"column\">\n\t\t\t<div class=\"elementor-widget-wrap elementor-element-populated\">\n\t\t\t\t\t\t\t\t<div class=\"elementor-element elementor-element-dd2b45b elementor-widget-divider--view-line_icon elementor-view-default elementor-widget-divider--element-align-center elementor-widget elementor-widget-divider\" data-id=\"dd2b45b\" data-element_type=\"widget\" data-widget_type=\"divider.default\">\n\t\t\t\t<div class=\"elementor-widget-container\">\n\t\t\t<style>\/*! elementor - v3.8.1 - 13-11-2022 *\/\n.elementor-widget-divider{--divider-border-style:none;--divider-border-width:1px;--divider-color:#2c2c2c;--divider-icon-size:20px;--divider-element-spacing:10px;--divider-pattern-height:24px;--divider-pattern-size:20px;--divider-pattern-url:none;--divider-pattern-repeat:repeat-x}.elementor-widget-divider .elementor-divider{display:-webkit-box;display:-ms-flexbox;display:flex}.elementor-widget-divider .elementor-divider__text{font-size:15px;line-height:1;max-width:95%}.elementor-widget-divider .elementor-divider__element{margin:0 var(--divider-element-spacing);-ms-flex-negative:0;flex-shrink:0}.elementor-widget-divider .elementor-icon{font-size:var(--divider-icon-size)}.elementor-widget-divider .elementor-divider-separator{display:-webkit-box;display:-ms-flexbox;display:flex;margin:0;direction:ltr}.elementor-widget-divider--view-line_icon .elementor-divider-separator,.elementor-widget-divider--view-line_text .elementor-divider-separator{-webkit-box-align:center;-ms-flex-align:center;align-items:center}.elementor-widget-divider--view-line_icon .elementor-divider-separator:after,.elementor-widget-divider--view-line_icon .elementor-divider-separator:before,.elementor-widget-divider--view-line_text .elementor-divider-separator:after,.elementor-widget-divider--view-line_text .elementor-divider-separator:before{display:block;content:\"\";border-bottom:0;-webkit-box-flex:1;-ms-flex-positive:1;flex-grow:1;border-top:var(--divider-border-width) var(--divider-border-style) var(--divider-color)}.elementor-widget-divider--element-align-left .elementor-divider .elementor-divider-separator>.elementor-divider__svg:first-of-type{-webkit-box-flex:0;-ms-flex-positive:0;flex-grow:0;-ms-flex-negative:100;flex-shrink:100}.elementor-widget-divider--element-align-left .elementor-divider-separator:before{content:none}.elementor-widget-divider--element-align-left .elementor-divider__element{margin-left:0}.elementor-widget-divider--element-align-right .elementor-divider .elementor-divider-separator>.elementor-divider__svg:last-of-type{-webkit-box-flex:0;-ms-flex-positive:0;flex-grow:0;-ms-flex-negative:100;flex-shrink:100}.elementor-widget-divider--element-align-right .elementor-divider-separator:after{content:none}.elementor-widget-divider--element-align-right .elementor-divider__element{margin-right:0}.elementor-widget-divider:not(.elementor-widget-divider--view-line_text):not(.elementor-widget-divider--view-line_icon) .elementor-divider-separator{border-top:var(--divider-border-width) var(--divider-border-style) var(--divider-color)}.elementor-widget-divider--separator-type-pattern{--divider-border-style:none}.elementor-widget-divider--separator-type-pattern.elementor-widget-divider--view-line .elementor-divider-separator,.elementor-widget-divider--separator-type-pattern:not(.elementor-widget-divider--view-line) .elementor-divider-separator:after,.elementor-widget-divider--separator-type-pattern:not(.elementor-widget-divider--view-line) .elementor-divider-separator:before,.elementor-widget-divider--separator-type-pattern:not([class*=elementor-widget-divider--view]) .elementor-divider-separator{width:100%;min-height:var(--divider-pattern-height);-webkit-mask-size:var(--divider-pattern-size) 100%;mask-size:var(--divider-pattern-size) 100%;-webkit-mask-repeat:var(--divider-pattern-repeat);mask-repeat:var(--divider-pattern-repeat);background-color:var(--divider-color);-webkit-mask-image:var(--divider-pattern-url);mask-image:var(--divider-pattern-url)}.elementor-widget-divider--no-spacing{--divider-pattern-size:auto}.elementor-widget-divider--bg-round{--divider-pattern-repeat:round}.rtl .elementor-widget-divider .elementor-divider__text{direction:rtl}.e-con-inner>.elementor-widget-divider,.e-con>.elementor-widget-divider{width:var(--container-widget-width,100%)}<\/style>\t\t<div class=\"elementor-divider\">\n\t\t\t<span class=\"elementor-divider-separator\">\n\t\t\t\t\t\t\t<div class=\"elementor-icon elementor-divider__element\">\n\t\t\t\t\t<i aria-hidden=\"true\" class=\"fas fa-church\"><\/i><\/div>\n\t\t\t\t\t\t<\/span>\n\t\t<\/div>\n\t\t\t\t<\/div>\n\t\t\t\t<\/div>\n\t\t\t\t<div class=\"elementor-element elementor-element-bf59a9a gallery-spacing-custom elementor-widget elementor-widget-image-gallery\" data-id=\"bf59a9a\" data-element_type=\"widget\" data-widget_type=\"image-gallery.default\">\n\t\t\t\t<div class=\"elementor-widget-container\">\n\t\t\t<style>\/*! elementor - v3.8.1 - 13-11-2022 *\/\n.elementor-image-gallery .gallery-item{display:inline-block;text-align:center;vertical-align:top;width:100%;max-width:100%;margin:0 auto}.elementor-image-gallery .gallery-item img{margin:0 auto}.elementor-image-gallery .gallery-item .gallery-caption{margin:0}.elementor-image-gallery figure img{display:block}.elementor-image-gallery figure figcaption{width:100%}.gallery-spacing-custom .elementor-image-gallery .gallery-icon{padding:0}@media (min-width:768px){.elementor-image-gallery .gallery-columns-2 .gallery-item{max-width:50%}.elementor-image-gallery .gallery-columns-3 .gallery-item{max-width:33.33%}.elementor-image-gallery .gallery-columns-4 .gallery-item{max-width:25%}.elementor-image-gallery .gallery-columns-5 .gallery-item{max-width:20%}.elementor-image-gallery .gallery-columns-6 .gallery-item{max-width:16.666%}.elementor-image-gallery .gallery-columns-7 .gallery-item{max-width:14.28%}.elementor-image-gallery .gallery-columns-8 .gallery-item{max-width:12.5%}.elementor-image-gallery .gallery-columns-9 .gallery-item{max-width:11.11%}.elementor-image-gallery .gallery-columns-10 .gallery-item{max-width:10%}}@media (min-width:480px) and (max-width:767px){.elementor-image-gallery .gallery.gallery-columns-2 .gallery-item,.elementor-image-gallery .gallery.gallery-columns-3 .gallery-item,.elementor-image-gallery .gallery.gallery-columns-4 .gallery-item,.elementor-image-gallery .gallery.gallery-columns-5 .gallery-item,.elementor-image-gallery .gallery.gallery-columns-6 .gallery-item,.elementor-image-gallery .gallery.gallery-columns-7 .gallery-item,.elementor-image-gallery .gallery.gallery-columns-8 .gallery-item,.elementor-image-gallery .gallery.gallery-columns-9 .gallery-item,.elementor-image-gallery .gallery.gallery-columns-10 .gallery-item{max-width:50%}}@media (max-width:479px){.elementor-image-gallery .gallery.gallery-columns-2 .gallery-item,.elementor-image-gallery .gallery.gallery-columns-3 .gallery-item,.elementor-image-gallery .gallery.gallery-columns-4 .gallery-item,.elementor-image-gallery .gallery.gallery-columns-5 .gallery-item,.elementor-image-gallery .gallery.gallery-columns-6 .gallery-item,.elementor-image-gallery .gallery.gallery-columns-7 .gallery-item,.elementor-image-gallery .gallery.gallery-columns-8 .gallery-item,.elementor-image-gallery .gallery.gallery-columns-9 .gallery-item,.elementor-image-gallery .gallery.gallery-columns-10 .gallery-item{max-width:100%}}<\/style>\t\t<div class=\"elementor-image-gallery\">\n\t\t\t<div id='gallery-1' class='gallery galleryid-347 gallery-columns-3 gallery-size-large'><figure class='gallery-item'>\n\t\t\t<div class='gallery-icon landscape'>\n\t\t\t\t<a data-elementor-open-lightbox=\"yes\" data-elementor-lightbox-slideshow=\"bf59a9a\" data-elementor-lightbox-title=\"44\" e-action-hash=\"#elementor-action%3Aaction%3Dlightbox%26settings%3DeyJpZCI6NDEyLCJ1cmwiOiJodHRwczpcL1wvY29tdW5pZGFkZWJvbXBhc3RvcnRhdWJhdGUub3JnXC93cC1jb250ZW50XC91cGxvYWRzXC8yMDIyXC8wOFwvNDQtMS5wbmciLCJzbGlkZXNob3ciOiJiZjU5YTlhIn0%3D\" href='https:\/\/comunidadebompastortaubate.org\/wp-content\/uploads\/2022\/08\/44-1.png'><img width=\"1024\" height=\"576\" src=\"https:\/\/comunidadebompastortaubate.org\/wp-content\/uploads\/2022\/08\/44-1-1024x576.png\" class=\"attachment-large size-large\" alt=\"\" loading=\"lazy\" srcset=\"https:\/\/comunidadebompastortaubate.org\/wp-content\/uploads\/2022\/08\/44-1-1024x576.png 1024w, https:\/\/comunidadebompastortaubate.org\/wp-content\/uploads\/2022\/08\/44-1-300x169.png 300w, https:\/\/comunidadebompastortaubate.org\/wp-content\/uploads\/2022\/08\/44-1-768x432.png 768w, https:\/\/comunidadebompastortaubate.org\/wp-content\/uploads\/2022\/08\/44-1.png 1168w\" sizes=\"(max-width: 1024px) 100vw, 1024px\" \/><\/a>\n\t\t\t<\/div><\/figure><figure class='gallery-item'>\n\t\t\t<div class='gallery-icon landscape'>\n\t\t\t\t<a data-elementor-open-lightbox=\"yes\" data-elementor-lightbox-slideshow=\"bf59a9a\" data-elementor-lightbox-title=\"11\" e-action-hash=\"#elementor-action%3Aaction%3Dlightbox%26settings%3DeyJpZCI6NDEwLCJ1cmwiOiJodHRwczpcL1wvY29tdW5pZGFkZWJvbXBhc3RvcnRhdWJhdGUub3JnXC93cC1jb250ZW50XC91cGxvYWRzXC8yMDIyXC8wOFwvMTEuanBnIiwic2xpZGVzaG93IjoiYmY1OWE5YSJ9\" href='https:\/\/comunidadebompastortaubate.org\/wp-content\/uploads\/2022\/08\/11.jpg'><img width=\"1024\" height=\"768\" src=\"https:\/\/comunidadebompastortaubate.org\/wp-content\/uploads\/2022\/08\/11-1024x768.jpg\" class=\"attachment-large size-large\" alt=\"\" loading=\"lazy\" srcset=\"https:\/\/comunidadebompastortaubate.org\/wp-content\/uploads\/2022\/08\/11-1024x768.jpg 1024w, https:\/\/comunidadebompastortaubate.org\/wp-content\/uploads\/2022\/08\/11-300x225.jpg 300w, https:\/\/comunidadebompastortaubate.org\/wp-content\/uploads\/2022\/08\/11-768x576.jpg 768w, https:\/\/comunidadebompastortaubate.org\/wp-content\/uploads\/2022\/08\/11.jpg 1203w\" sizes=\"(max-width: 1024px) 100vw, 1024px\" \/><\/a>\n\t\t\t<\/div><\/figure><figure class='gallery-item'>\n\t\t\t<div class='gallery-icon landscape'>\n\t\t\t\t<a data-elementor-open-lightbox=\"yes\" data-elementor-lightbox-slideshow=\"bf59a9a\" data-elementor-lightbox-title=\"22\" e-action-hash=\"#elementor-action%3Aaction%3Dlightbox%26settings%3DeyJpZCI6NDExLCJ1cmwiOiJodHRwczpcL1wvY29tdW5pZGFkZWJvbXBhc3RvcnRhdWJhdGUub3JnXC93cC1jb250ZW50XC91cGxvYWRzXC8yMDIyXC8wOFwvMjIuanBnIiwic2xpZGVzaG93IjoiYmY1OWE5YSJ9\" href='https:\/\/comunidadebompastortaubate.org\/wp-content\/uploads\/2022\/08\/22.jpg'><img width=\"1024\" height=\"768\" src=\"https:\/\/comunidadebompastortaubate.org\/wp-content\/uploads\/2022\/08\/22-1024x768.jpg\" class=\"attachment-large size-large\" alt=\"\" loading=\"lazy\" srcset=\"https:\/\/comunidadebompastortaubate.org\/wp-content\/uploads\/2022\/08\/22-1024x768.jpg 1024w, https:\/\/comunidadebompastortaubate.org\/wp-content\/uploads\/2022\/08\/22-300x225.jpg 300w, https:\/\/comunidadebompastortaubate.org\/wp-content\/uploads\/2022\/08\/22-768x576.jpg 768w, https:\/\/comunidadebompastortaubate.org\/wp-content\/uploads\/2022\/08\/22.jpg 1203w\" sizes=\"(max-width: 1024px) 100vw, 1024px\" \/><\/a>\n\t\t\t<\/div><\/figure><figure class='gallery-item'>\n\t\t\t<div class='gallery-icon landscape'>\n\t\t\t\t<a data-elementor-open-lightbox=\"yes\" data-elementor-lightbox-slideshow=\"bf59a9a\" data-elementor-lightbox-title=\"55\" e-action-hash=\"#elementor-action%3Aaction%3Dlightbox%26settings%3DeyJpZCI6NDEzLCJ1cmwiOiJodHRwczpcL1wvY29tdW5pZGFkZWJvbXBhc3RvcnRhdWJhdGUub3JnXC93cC1jb250ZW50XC91cGxvYWRzXC8yMDIyXC8wOFwvNTUuanBnIiwic2xpZGVzaG93IjoiYmY1OWE5YSJ9\" href='https:\/\/comunidadebompastortaubate.org\/wp-content\/uploads\/2022\/08\/55.jpg'><img width=\"800\" height=\"600\" src=\"https:\/\/comunidadebompastortaubate.org\/wp-content\/uploads\/2022\/08\/55.jpg\" class=\"attachment-large size-large\" alt=\"\" loading=\"lazy\" srcset=\"https:\/\/comunidadebompastortaubate.org\/wp-content\/uploads\/2022\/08\/55.jpg 800w, https:\/\/comunidadebompastortaubate.org\/wp-content\/uploads\/2022\/08\/55-300x225.jpg 300w, https:\/\/comunidadebompastortaubate.org\/wp-content\/uploads\/2022\/08\/55-768x576.jpg 768w\" sizes=\"(max-width: 800px) 100vw, 800px\" \/><\/a>\n\t\t\t<\/div><\/figure><figure class='gallery-item'>\n\t\t\t<div class='gallery-icon landscape'>\n\t\t\t\t<a data-elementor-open-lightbox=\"yes\" data-elementor-lightbox-slideshow=\"bf59a9a\" data-elementor-lightbox-title=\"66\" e-action-hash=\"#elementor-action%3Aaction%3Dlightbox%26settings%3DeyJpZCI6NDE0LCJ1cmwiOiJodHRwczpcL1wvY29tdW5pZGFkZWJvbXBhc3RvcnRhdWJhdGUub3JnXC93cC1jb250ZW50XC91cGxvYWRzXC8yMDIyXC8wOFwvNjYuanBnIiwic2xpZGVzaG93IjoiYmY1OWE5YSJ9\" href='https:\/\/comunidadebompastortaubate.org\/wp-content\/uploads\/2022\/08\/66.jpg'><img width=\"750\" height=\"558\" src=\"https:\/\/comunidadebompastortaubate.org\/wp-content\/uploads\/2022\/08\/66.jpg\" class=\"attachment-large size-large\" alt=\"\" loading=\"lazy\" srcset=\"https:\/\/comunidadebompastortaubate.org\/wp-content\/uploads\/2022\/08\/66.jpg 750w, https:\/\/comunidadebompastortaubate.org\/wp-content\/uploads\/2022\/08\/66-300x223.jpg 300w\" sizes=\"(max-width: 750px) 100vw, 750px\" \/><\/a>\n\t\t\t<\/div><\/figure>\n\t\t<\/div>\n\t\t<\/div>\n\t\t\t\t<\/div>\n\t\t\t\t<\/div>\n\t\t\t\t\t<\/div>\n\t\t<\/div>\n\t\t\t\t\t\t\t<\/div>\n\t\t<\/section>\n\t\t\t\t<section class=\"elementor-section elementor-top-section elementor-element elementor-element-8749acd elementor-section-boxed elementor-section-height-default elementor-section-height-default\" data-id=\"8749acd\" data-element_type=\"section\">\n\t\t\t\t\t\t<div class=\"elementor-container elementor-column-gap-default\">\n\t\t\t\t\t<div class=\"elementor-column elementor-col-100 elementor-top-column elementor-element elementor-element-0c0488a\" data-id=\"0c0488a\" data-element_type=\"column\">\n\t\t\t<div class=\"elementor-widget-wrap\">\n\t\t\t\t\t\t\t\t\t<\/div>\n\t\t<\/div>\n\t\t\t\t\t\t\t<\/div>\n\t\t<\/section>\n\t\t\t\t\t\t\t<\/div>\n\t\t","protected":false},"excerpt":{"rendered":"<p>Esportes A pr\u00e1tica esportiva tem se consolidado como instrumento de projetos humanit\u00e1rios e que procuram o desenvolvimento social dos grupos benefici\u00e1rios, por meio da promo\u00e7\u00e3o da paz, igualdade racial, de g\u00eanero e social al\u00e9m de contribuir para habilidades individuais. Assim tamb\u00e9m ocorre com o futebol \u2013 esporte mais praticado no mundo \u2013, no qual a &hellip;<\/p>\n<p class=\"read-more\"> <a class=\"\" href=\"https:\/\/comunidadebompastortaubate.org\/?page_id=347\"> <span class=\"screen-reader-text\">Esportes<\/span> Leia mais &raquo;<\/a><\/p>\n","protected":false},"author":1,"featured_media":0,"parent":0,"menu_order":0,"comment_status":"closed","ping_status":"closed","template":"","meta":{"om_disable_all_campaigns":false,"_mi_skip_tracking":false,"site-sidebar-layout":"no-sidebar","site-content-layout":"page-builder","ast-global-header-display":"","ast-main-header-display":"","ast-hfb-above-header-display":"","ast-hfb-below-header-display":"","ast-hfb-mobile-header-display":"","site-post-title":"disabled","ast-breadcrumbs-content":"","ast-featured-img":"disabled","footer-sml-layout":"","theme-transparent-header-meta":"","adv-header-id-meta":"","stick-header-meta":"","header-above-stick-meta":"","header-main-stick-meta":"","header-below-stick-meta":""},"aioseo_notices":[],"_links":{"self":[{"href":"https:\/\/comunidadebompastortaubate.org\/index.php?rest_route=\/wp\/v2\/pages\/347"}],"collection":[{"href":"https:\/\/comunidadebompastortaubate.org\/index.php?rest_route=\/wp\/v2\/pages"}],"about":[{"href":"https:\/\/comunidadebompastortaubate.org\/index.php?rest_route=\/wp\/v2\/types\/page"}],"author":[{"embeddable":true,"href":"https:\/\/comunidadebompastortaubate.org\/index.php?rest_route=\/wp\/v2\/users\/1"}],"replies":[{"embeddable":true,"href":"https:\/\/comunidadebompastortaubate.org\/index.php?rest_route=%2Fwp%2Fv2%2Fcomments&post=347"}],"version-history":[{"count":7,"href":"https:\/\/comunidadebompastortaubate.org\/index.php?rest_route=\/wp\/v2\/pages\/347\/revisions"}],"predecessor-version":[{"id":418,"href":"https:\/\/comunidadebompastortaubate.org\/index.php?rest_route=\/wp\/v2\/pages\/347\/revisions\/418"}],"wp:attachment":[{"href":"https:\/\/comunidadebompastortaubate.org\/index.php?rest_route=%2Fwp%2Fv2%2Fmedia&parent=347"}],"curies":[{"name":"wp","href":"https:\/\/api.w.org\/{rel}","templated":true}]}}